{"id":1147,"date":"2015-04-18T16:04:28","date_gmt":"2015-04-18T15:04:28","guid":{"rendered":"http:\/\/brokamala.se.loopiadns.com\/?page_id=1147"},"modified":"2022-10-18T16:46:24","modified_gmt":"2022-10-18T15:46:24","slug":"utflyktsmal","status":"publish","type":"page","link":"https:\/\/brokamala.se\/en\/utflyktsmal\/","title":{"rendered":"Excursions"},"content":{"rendered":"<div class=\"wpb-content-wrapper\"><div class=\"vc_row wpb_row vc_row-fluid\"><div class=\"wpb_column vc_column_container vc_col-sm-8\"><div class=\"vc_column-inner\"><div class=\"wpb_wrapper\">\n\t<div class=\"wpb_text_column wpb_content_element \" >\n\t\t<div class=\"wpb_wrapper\">\n\t\t\t<h3>Utflyktsm\u00e5l<\/h3>\n<ul class=\"standard-arrow list-divider\"><li><p><a title=\"Brio Lekoseum\" href=\"https:\/\/www.brio.se\/lekoseum\/\" target=\"_blank\" rel=\"noopener\">Brio Lekoseum ( 45 Km )<\/a><br \/>\nUppskattas av b\u00e5de barn som vuxna. H\u00e4r kan du leka med omfattande BRIO-t\u00e5gsystem och bygga n\u00e4stan vad du vill med BRIO Builder. G\u00e5 p\u00e5 uppt\u00e4cktsf\u00e4rd genom BRIOS leksakshistoria.<\/p>\n<\/li><li><p><a title=\"Brocenter\" href=\"https:\/\/brocenter.vikingweb.se\/\" target=\"_blank\" rel=\"noopener\">Brocenter &#8211; Bil &amp; Fordons Museum ( 6.0 Km )<\/a><br \/>\nBes\u00f6kare fr\u00e5n l\u00e4nder \u00f6ver hela v\u00e4rlden kommer f\u00f6r att besk\u00e5da en av de b\u00e4sta privata samlingarna av Volvobilar.<\/p>\n<\/li><li><p><a title=\"Boa Golfklubb\" href=\"https:\/\/www.boagk.se\/\" target=\"_blank\" rel=\"noopener\">Boa Olofstr\u00f6ms Golfklubb ( 14 Km )<\/a><br \/>\nEn h\u00e4rlig golfupplevelse i Blekinges fina natur, Sveriges tr\u00e4dg\u00e5rd.<\/p>\n<\/li><li><p><a title=\"M\/S Immeln\" href=\"https:\/\/www.immelnbaten.se\/\" target=\"_blank\" rel=\"noopener\">B\u00e5ttur med Ms \/ Immeln ( 21 Km )<\/a><br \/>\nSj\u00f6n Immeln. Sommarkryssa i Sk\u00e5nes enda sk\u00e4rg\u00e5rd med M\/S Immeln.<\/p>\n<\/li><li><p><a title=\"Ebbem\u00e5la Bruk\" href=\"https:\/\/www.ebbamalabruk.se\/\" target=\"_blank\" rel=\"noopener\">Ebbem\u00e5la Bruk \/ Gjuteri ( 21 Km )<\/a><br \/>\nEtt unikt, levande teknik- och kultur-historiskt bes\u00f6ksm\u00e5l med hela den genuina industrimilj\u00f6n fr\u00e5n 1850-1950 bevarad.<\/p>\n<\/li><li><p><a title=\"Glasriket\" href=\"https:\/\/www.glasriket.se\/sv\" target=\"_blank\" rel=\"noopener\">Glasriket ( 100 Km )<\/a><br \/>\nI Glasriket har det tillverkats munbl\u00e5st glas sedan 1742. Idag m\u00f6ter du som bes\u00f6kare b\u00e5de bruksglas och konstglas i v\u00e4rldsklass och du \u00e4r v\u00e4lkommen \u00e4nda fram till glasugnarna f\u00f6r att se n\u00e4r det skapas!<\/p>\n<\/li><li><p><a title=\"Harasj\u00f6m\u00e5la Flugfiske\" href=\"https:\/\/www.harasjomalafiskecamp.com\/\" target=\"_blank\" rel=\"noopener\">Harasj\u00f6m\u00e5la Flugfiske ( 1,5 km )<\/a><br \/>\nHarasj\u00f6m\u00e5la innefattar ett 25-tal naturliga sj\u00f6ar uppl\u00e5tna f\u00f6r Sportfiske efter Regnb\u00e5ge, \u00d6ring, G\u00e4dda, Abborre och Vitfisk. H\u00e4r finns ocks\u00e5 ett konstgjort rinnande vatten p\u00e5 1,1 km uppl\u00e5tet f\u00f6r flugfiske \u2013 Flugstr\u00f6mmen.<\/p>\n<\/li><li><p><a title=\"Humletorkan N\u00e4sum\" href=\"https:\/\/www.humletorkan.com\/\" target=\"_blank\" rel=\"noopener\">Humletorkan &#8211; N\u00e4sum ( 17 Km )<\/a><br \/>\nHumletorkan och Humleodling. H\u00e4r odlas Humle som \u00e4r en slingerv\u00e4xt. Den f\u00e5r v\u00e4xa kring p\u00e5lar som \u00e4r ca 6-7 meter h\u00f6ga. Humle torkades sedan f\u00f6r att anv\u00e4ndas vid tillverkning av \u00f6l. H\u00e4r kan du k\u00f6pa den lokala \u00f6len N\u00e4suma\u00f6l.<\/p>\n<\/li><li><p><a title=\"Ikea \u00c4lmhult\" href=\"https:\/\/www.ikea.com\/se\/sv\/\" target=\"_blank\" rel=\"noopener\">Ikea &#8211; \u00c4lmhult ( 45 Km )<\/a><br \/>\nMultinationellt m\u00f6belf\u00f6retag som grundades 1943 av Ingvar Kamprad. N\u00e4rmsta varuhuset ligger i \u00c4lmhult.<\/p>\n<\/li><li><p><a title=\"J\u00e4msh\u00f6gs G\u00e4stgivareg\u00e5rd\" href=\"https:\/\/jamshogsgastgiveri.se\/\" target=\"_blank\" rel=\"noopener\">J\u00e4msh\u00f6gs G\u00e4stgifvareg\u00e5rd ( 8 Km )<\/a><br \/>\nH\u00e4r har det bedrivits g\u00e4stgiveri \u00e4nda sedan 1888. Njut av god mat, lugn och vacker natur.<\/p>\n<\/li><li><p><a title=\"J\u00e4msh\u00f6gs hembygdsmuseum\" href=\"https:\/\/www.jamshog.nu\/museet\/index.htm\" target=\"_blank\" rel=\"noopener\">J\u00e4msh\u00f6gs Hembygds Museum ( 8 Km )<\/a><br \/>\nHarry Martinsons unika samlingar och Sven Edvin Saljes f\u00f6rfattarerum. H\u00e4r finns ocks\u00e5 Olofstr\u00f6ms kommuns skolmuseum som visar den gamla skolans inredning och m\u00e5nga av den tidens Audio-visuella hj\u00e4lpmedel, skolplanscherna.<\/p>\n<\/li><li><p><a title=\"Kreativum Karlshamn\" href=\"https:\/\/www.kreativum.se\/\" target=\"_blank\" rel=\"noopener\">Kreativum &#8211; Karlshamn ( 40 Km )<\/a><br \/>\nKreativum \u00e4r ett Science Center f\u00f6r nyfikna i alla \u00e5ldrar, ett fantastiskt hus fyllt av uppt\u00e4ckargl\u00e4dje och aha-upplevelser. Kreativum \u00e4r drygt 2000 kvm upplevelser med cirka 170 \u201dprova-p\u00e5\u201d stationer. H\u00e4r ryms en m\u00e4ngd olika aktiviteter!<\/p>\n<\/li><li><p><a title=\"Kyrkhults Hembygdsmuseum\" href=\"https:\/\/www.kyrkhult.se\/besoksmal\/hembygdsmuseum.aspx\" target=\"_blank\" rel=\"noopener\">Kyrkhults Hembygdsmuseum ( 15 km)<\/a><br \/>\nL\u00e4karvillan har varit hembygdsmuseum sedan 1982. Mus\u00e9et speglar bl a brunnsepoken vid Tulseboda Brunn, hembygdsf\u00f6reningens verksamhet, olika hantverk, handel, bygden, kyrkan, gammal fotoutrustning och en filmprojektor fr\u00e5n 1906.<br \/>\nDet gamla b\u00e5tsmanstorpet strax intill inneh\u00e5ller diverse \u00e4ldre allmogef\u00f6rem\u00e5l.<\/p>\n<\/li><li><p><a title=\"Lyktan Dansplats\" href=\"https:\/\/www.lyktan-vilshult.se\/\" target=\"_blank\" rel=\"noopener\">Lyktan Dansplats &#8211; Vilshult ( 14 Km )<\/a><br \/>\nTrivsel- och mogendans hela sommaren.<\/p>\n<\/li><li><p><a title=\"Olofstr\u00f6ms Turistbyr\u00e5\" href=\"https:\/\/www.visitolofstrom.se\/content\/fakta\" target=\"_blank\" rel=\"noopener\">Turistbyr\u00e5n &#8211; Olofstr\u00f6m ( 6.0 Km ) Visit Olofstr\u00f6m<\/a><\/p>\n<\/li><\/ul>\n\n\t\t<\/div>\n\t<\/div>\n<\/div><\/div><\/div><div class=\"wpb_column vc_column_container vc_col-sm-4\"><div class=\"vc_column-inner\"><div class=\"wpb_wrapper\">[layerslider_vc id=&#8221;2&#8243;]<\/div><\/div><\/div><\/div>\n<\/div>","protected":false},"excerpt":{"rendered":"<p>Utflyktsm\u00e5l Brio Lekoseum ( 45 Km ) Uppskattas av b\u00e5de barn som vuxna. H\u00e4r kan du leka med omfattande BRIO-t\u00e5gsystem och bygga n\u00e4stan vad du vill med BRIO Builder. G\u00e5 p\u00e5 uppt\u00e4cktsf\u00e4rd genom BRIOS leksakshistoria. Brocenter &#8211; Bil &amp; Fordons Museum ( 6.0 Km ) Bes\u00f6kare fr\u00e5n l\u00e4nder \u00f6ver hela v\u00e4rlden kommer f\u00f6r att besk\u00e5da&hellip;<\/p>","protected":false},"author":1,"featured_media":0,"parent":0,"menu_order":0,"comment_status":"closed","ping_status":"closed","template":"","meta":{"footnotes":""},"class_list":["post-1147","page","type-page","status-publish","hentry","description-off"],"_links":{"self":[{"href":"https:\/\/brokamala.se\/en\/wp-json\/wp\/v2\/pages\/1147","targetHints":{"allow":["GET"]}}],"collection":[{"href":"https:\/\/brokamala.se\/en\/wp-json\/wp\/v2\/pages"}],"about":[{"href":"https:\/\/brokamala.se\/en\/wp-json\/wp\/v2\/types\/page"}],"author":[{"embeddable":true,"href":"https:\/\/brokamala.se\/en\/wp-json\/wp\/v2\/users\/1"}],"replies":[{"embeddable":true,"href":"https:\/\/brokamala.se\/en\/wp-json\/wp\/v2\/comments?post=1147"}],"version-history":[{"count":27,"href":"https:\/\/brokamala.se\/en\/wp-json\/wp\/v2\/pages\/1147\/revisions"}],"predecessor-version":[{"id":2768,"href":"https:\/\/brokamala.se\/en\/wp-json\/wp\/v2\/pages\/1147\/revisions\/2768"}],"wp:attachment":[{"href":"https:\/\/brokamala.se\/en\/wp-json\/wp\/v2\/media?parent=1147"}],"curies":[{"name":"wp","href":"https:\/\/api.w.org\/{rel}","templated":true}]}}