{"id":2221,"date":"2019-08-11T20:04:09","date_gmt":"2019-08-11T19:04:09","guid":{"rendered":"https:\/\/brokamala.se\/?page_id=2221"},"modified":"2022-10-21T17:13:41","modified_gmt":"2022-10-21T16:13:41","slug":"hogtider","status":"publish","type":"page","link":"https:\/\/brokamala.se\/en\/hogtider\/","title":{"rendered":"Holidays"},"content":{"rendered":"<div class=\"wpb-content-wrapper\"><div class=\"vc_row wpb_row vc_row-fluid\"><div class=\"wpb_column vc_column_container vc_col-sm-12\"><div class=\"vc_column-inner\"><div class=\"wpb_wrapper\"><div class=\"dt-fancy-separator h2-size\" style=\"width: 100%;\"><div class=\"dt-fancy-title\" style=\"color: #3e0d1a;\"><span class=\"separator-holder separator-left\"><\/span>Holidays<span class=\"separator-holder separator-right\"><\/span><\/div><\/div>\n\t<div class=\"wpb_text_column wpb_content_element\" >\n\t\t<div class=\"wpb_wrapper\">\n\t\t\t<p>In our charming old stable we can organize that special party, why not celebrate a special day with your friends with good food in a unique setting? We will be happy to help you organize your celebration for up to 55 people in this old building from the beginning of the 19th century.<\/p>\n<p>Welcome with your request<\/p>\n\n\t\t<\/div>\n\t<\/div>\n<\/div><\/div><\/div><\/div><div class=\"vc_row wpb_row vc_row-fluid\"><div class=\"wpb_column vc_column_container vc_col-sm-12\"><div class=\"vc_column-inner\"><div class=\"wpb_wrapper\">\n<div class=\"vc_grid-container-wrapper vc_clearfix vc_grid-animation-fadeIn\">\n\t<div class=\"vc_grid-container vc_clearfix wpb_content_element vc_media_grid\" data-initial-loading-animation=\"fadeIn\" data-vc-grid-settings=\"{&quot;page_id&quot;:2221,&quot;style&quot;:&quot;all&quot;,&quot;action&quot;:&quot;vc_get_vc_grid_data&quot;,&quot;shortcode_id&quot;:&quot;1597901055571-3dd48318-7ac4-0&quot;,&quot;tag&quot;:&quot;vc_media_grid&quot;}\" data-vc-request=\"https:\/\/brokamala.se\/wp-admin\/admin-ajax.php\" data-vc-post-id=\"2221\" data-vc-public-nonce=\"63a25c3b8e\">\n\t\t\n\t<\/div>\n<\/div><\/div><\/div><\/div><\/div>\n<\/div>","protected":false},"excerpt":{"rendered":"<p>H\u00f6gtider I v\u00e5rt gamla charmiga stall kan vi anordna den speciella festen, varf\u00f6r inte fira en h\u00f6gtidsdag tillsammans med era v\u00e4nner med god mat i en unik milj\u00f6? Vi hj\u00e4lper er g\u00e4rna att anordnar h\u00f6gtidsfesten upp till ca 55 personer i s\u00e4llskapet i denna gamla byggnad fr\u00e5n b\u00f6rjan av 1800-talet. Varmt v\u00e4lkomna med er f\u00f6rfr\u00e5gan<\/p>","protected":false},"author":1,"featured_media":0,"parent":0,"menu_order":0,"comment_status":"closed","ping_status":"closed","template":"","meta":{"footnotes":""},"class_list":["post-2221","page","type-page","status-publish","hentry","description-off"],"_links":{"self":[{"href":"https:\/\/brokamala.se\/en\/wp-json\/wp\/v2\/pages\/2221","targetHints":{"allow":["GET"]}}],"collection":[{"href":"https:\/\/brokamala.se\/en\/wp-json\/wp\/v2\/pages"}],"about":[{"href":"https:\/\/brokamala.se\/en\/wp-json\/wp\/v2\/types\/page"}],"author":[{"embeddable":true,"href":"https:\/\/brokamala.se\/en\/wp-json\/wp\/v2\/users\/1"}],"replies":[{"embeddable":true,"href":"https:\/\/brokamala.se\/en\/wp-json\/wp\/v2\/comments?post=2221"}],"version-history":[{"count":17,"href":"https:\/\/brokamala.se\/en\/wp-json\/wp\/v2\/pages\/2221\/revisions"}],"predecessor-version":[{"id":2238,"href":"https:\/\/brokamala.se\/en\/wp-json\/wp\/v2\/pages\/2221\/revisions\/2238"}],"wp:attachment":[{"href":"https:\/\/brokamala.se\/en\/wp-json\/wp\/v2\/media?parent=2221"}],"curies":[{"name":"wp","href":"https:\/\/api.w.org\/{rel}","templated":true}]}}