{"id":2553,"date":"2021-05-28T16:06:25","date_gmt":"2021-05-28T15:06:25","guid":{"rendered":"https:\/\/brokamala.se\/?page_id=2553"},"modified":"2024-07-29T22:02:49","modified_gmt":"2024-07-29T21:02:49","slug":"aktiviteter","status":"publish","type":"page","link":"https:\/\/brokamala.se\/en\/aktiviteter\/","title":{"rendered":"Activities"},"content":{"rendered":"<div class=\"wpb-content-wrapper\"><div class=\"vc_row wpb_row vc_row-fluid\"><div class=\"wpb_column vc_column_container vc_col-sm-12\"><div class=\"vc_column-inner\"><div class=\"wpb_wrapper\">\n\t<div class=\"wpb_text_column wpb_content_element\" >\n\t\t<div class=\"wpb_wrapper\">\n\t\t\t<h2>Activities<\/h2>\n<h3>Teambuilding &amp; company activities<\/h3>\n<p>We offer activities such as:<\/p>\n<ul class=\"standard-arrow list-divider\"><li><p>Clay pigeon shooting<\/p>\n<\/li><li><p>Wood-fired sauna &amp; hot tub<\/p>\n<\/li><li><p>Adventure course including axe throwing and archery<\/p>\n<\/li><li><p>Drink tastings<\/p>\n<\/li><\/ul>\n<p>Read more about the different activities in the menu.<\/p>\n\n\t\t<\/div>\n\t<\/div>\n<\/div><\/div><\/div><\/div>\n<\/div>","protected":false},"excerpt":{"rendered":"<p>Aktiviteter Teambuilding &amp; f\u00f6retagsaktiviteter Vi erbjuder aktiviteter som: Lerduveskytte Vedeldad bastu &amp; badtunna \u00c4ventyrsbana med bl.a. yxkastning och b\u00e5gskytte Dryckesprovningar L\u00e4s g\u00e4rna mer om de olika aktiviteterna i menyn h\u00e4r till v\u00e4nster.<\/p>","protected":false},"author":1,"featured_media":0,"parent":0,"menu_order":0,"comment_status":"closed","ping_status":"closed","template":"","meta":{"footnotes":""},"class_list":["post-2553","page","type-page","status-publish","hentry","description-off"],"_links":{"self":[{"href":"https:\/\/brokamala.se\/en\/wp-json\/wp\/v2\/pages\/2553","targetHints":{"allow":["GET"]}}],"collection":[{"href":"https:\/\/brokamala.se\/en\/wp-json\/wp\/v2\/pages"}],"about":[{"href":"https:\/\/brokamala.se\/en\/wp-json\/wp\/v2\/types\/page"}],"author":[{"embeddable":true,"href":"https:\/\/brokamala.se\/en\/wp-json\/wp\/v2\/users\/1"}],"replies":[{"embeddable":true,"href":"https:\/\/brokamala.se\/en\/wp-json\/wp\/v2\/comments?post=2553"}],"version-history":[{"count":10,"href":"https:\/\/brokamala.se\/en\/wp-json\/wp\/v2\/pages\/2553\/revisions"}],"predecessor-version":[{"id":5302,"href":"https:\/\/brokamala.se\/en\/wp-json\/wp\/v2\/pages\/2553\/revisions\/5302"}],"wp:attachment":[{"href":"https:\/\/brokamala.se\/en\/wp-json\/wp\/v2\/media?parent=2553"}],"curies":[{"name":"wp","href":"https:\/\/api.w.org\/{rel}","templated":true}]}}