{"id":2894,"date":"2024-04-27T10:17:52","date_gmt":"2024-04-27T09:17:52","guid":{"rendered":"https:\/\/brokamala.se\/?page_id=2894"},"modified":"2025-01-21T19:46:37","modified_gmt":"2025-01-21T18:46:37","slug":"rekreation-fiske-jakt-och-exklusivt-boende-i-blekinge","status":"publish","type":"page","link":"https:\/\/brokamala.se\/en\/","title":{"rendered":"Rekreation, Fiske, jakt och exklusivt boende i Blekinge"},"content":{"rendered":"<div class=\"wpb-content-wrapper\"><div id=\"intro\" data-vc-full-width=\"true\" data-vc-full-width-temp=\"true\" data-vc-full-width-init=\"false\" class=\"vc_row wpb_row vc_row-fluid vc_custom_1717322508787\"><div class=\"wpb_column vc_column_container vc_col-sm-12\"><div class=\"vc_column-inner\"><div class=\"wpb_wrapper\"><h2 style=\"color: #3e0d1a;text-align: center;font-family:Raleway;font-weight:500;font-style:normal\" class=\"vc_custom_heading vc_do_custom_heading\" >Welcome to Brokam\u00e5la G\u00e5rd - Our wonderful world<\/h2><\/div><\/div><\/div><\/div><div class=\"vc_row-full-width vc_clearfix\"><\/div><div class=\"vc_row wpb_row vc_row-fluid vc_custom_1713363897776 vc_row-o-equal-height vc_row-flex\"><div class=\"wpb_column vc_column_container vc_col-sm-6\"><div class=\"vc_column-inner vc_custom_1714210010726\"><div class=\"wpb_wrapper\"><h4 style=\"text-align: left;font-family:Raleway;font-weight:500;font-style:normal\" class=\"vc_custom_heading vc_do_custom_heading\" >In the \u201cLake district\u201d in western Blekinge, you can enjoy pure relaxation, nature experiences or pleasant activities, You choose!<\/h4>\n\t<div class=\"wpb_text_column wpb_content_element\" >\n\t\t<div class=\"wpb_wrapper\">\n\t\t\t<p>Staying in the forest, listening to the silence, fishing, hiking or picking mushrooms, is an unbeatable nature experience. Being in nature also increases our well-being and strengthens our health. For many, silence and stillness have disappeared, at Brokam\u00e5la G\u00e5rd, Sweden's southernmost wilderness, there is exactly what many people miss and need.<\/p>\n<p>We can offer you a wonderful and relaxing stay. Here you have access to more than 25 lakes, with fine accommodation, exclusive noble fishing in a natural environment, boats, swimming, and nice hiking areas. Why not enjoy this during all four seasons with us at Brokam\u00e5la G\u00e5rd.<\/p>\n<p>The cottages are located in a nice farm and wilderness environment in northwestern Blekinge dating back to the late 1700s.<\/p>\n\n\t\t<\/div>\n\t<\/div>\n<div class=\"ubtn-ctn-left\"><a class=\"ubtn-link ult-adjust-bottom-margin ubtn-left ubtn-normal\" href=\"https:\/\/brokamala.se\/en\/om-oss\/\" title=\"About Us\" ><button type=\"button\" id=\"ubtn-4733\"  class=\"ubtn ult-adjust-bottom-margin ult-responsive ubtn-normal ubtn-no-hover-bg  none  ubtn-left   tooltip-69f9c4a6a017f\"  data-hover=\"#ffffff\" data-border-color=\"\" data-bg=\"#4a3728\" data-hover-bg=\"rgba(73,61,47,0.79)\" data-border-hover=\"\" data-shadow-hover=\"\" data-shadow-click=\"none\" data-shadow=\"\" data-shd-shadow=\"\"  data-ultimate-target='#ubtn-4733'  data-responsive-json-new='{\"font-size\":\"\",\"line-height\":\"\"}'  style=\"font-weight:normal;border:none;background: #4a3728;color: #ffffff;\"><span class=\"ubtn-hover\" style=\"background-color:rgba(73,61,47,0.79)\"><\/span><span class=\"ubtn-data ubtn-text\" >DISCOVER MORE<\/span><\/button><\/a><\/div><\/div><\/div><\/div><div class=\"wpb_column vc_column_container vc_col-sm-6\"><div class=\"vc_column-inner\"><div class=\"wpb_wrapper\">\n\t<div  class=\"wpb_single_image wpb_content_element vc_align_left\">\n\t\t\n\t\t<figure class=\"wpb_wrapper vc_figure\">\n\t\t\t<div class=\"vc_single_image-wrapper   vc_box_border_grey\"><img loading=\"lazy\" decoding=\"async\" width=\"720\" height=\"705\" src=\"https:\/\/media.brokamala.se\/media\/2024\/04\/fishing-man-02.jpg\" class=\"vc_single_image-img attachment-full\" alt=\"Underbar fiske p\u00e5 Brokam\u00e5la\" title=\"\" srcset=\"https:\/\/media.brokamala.se\/media\/2024\/04\/fishing-man-02.jpg 720w, https:\/\/media.brokamala.se\/media\/2024\/04\/fishing-man-02-300x294.jpg 300w, https:\/\/media.brokamala.se\/media\/2024\/04\/fishing-man-02-12x12.jpg 12w\" sizes=\"auto, (max-width: 720px) 100vw, 720px\"  data-dt-location=\"https:\/\/brokamala.se\/en\/rekreation-fiske-jakt-och-exklusivt-boende-i-blekinge\/fishing-man-02\/\" \/><\/div>\n\t\t<\/figure>\n\t<\/div>\n<\/div><\/div><\/div><\/div><div data-vc-full-width=\"true\" data-vc-full-width-temp=\"true\" data-vc-full-width-init=\"false\" data-vc-stretch-content=\"true\" class=\"vc_row wpb_row vc_row-fluid vc_custom_1713434681757 vc_row-has-fill\"><div class=\"wpb_column vc_column_container vc_col-sm-12\"><div class=\"vc_column-inner\"><div class=\"wpb_wrapper\"><div class=\"vc_row wpb_row vc_inner vc_row-fluid\"><div class=\"wpb_column vc_column_container vc_col-sm-3\"><div class=\"vc_column-inner\"><div class=\"wpb_wrapper\">\n\t<div  class=\"wpb_single_image wpb_content_element vc_align_left  vc_custom_1717161659485\">\n\t\t\n\t\t<figure class=\"wpb_wrapper vc_figure\">\n\t\t\t<a href=\"https:\/\/brokamala.se\/en\/fiske\/\" target=\"_self\"  class=\"vc_single_image-wrapper   vc_box_border_grey rollover\"   ><img loading=\"lazy\" decoding=\"async\" width=\"1000\" height=\"667\" src=\"https:\/\/media.brokamala.se\/media\/2024\/04\/fiske-home-intro.jpg\" class=\"vc_single_image-img attachment-full\" alt=\"Fiske i Brokam\u00e5la\" title=\"\" srcset=\"https:\/\/media.brokamala.se\/media\/2024\/04\/fiske-home-intro.jpg 1000w, https:\/\/media.brokamala.se\/media\/2024\/04\/fiske-home-intro-300x200.jpg 300w, https:\/\/media.brokamala.se\/media\/2024\/04\/fiske-home-intro-768x512.jpg 768w, https:\/\/media.brokamala.se\/media\/2024\/04\/fiske-home-intro-18x12.jpg 18w\" sizes=\"auto, (max-width: 1000px) 100vw, 1000px\"  data-dt-location=\"https:\/\/brokamala.se\/en\/rekreation-fiske-jakt-och-exklusivt-boende-i-blekinge\/fiske-home-intro\/\" \/><\/a>\n\t\t<\/figure>\n\t<\/div>\n<h3 style=\"text-align: left;font-family:Raleway;font-weight:500;font-style:normal\" class=\"vc_custom_heading vc_do_custom_heading vc_custom_1713359518236\" >FISHING<\/h3>\n\t<div class=\"wpb_text_column wpb_content_element\" >\n\t\t<div class=\"wpb_wrapper\">\n\t\t\t<p>Enjoy Fantastic Fishing at Brokam\u00e5la.<br \/>\nHere you can take part in an exclusive and exciting fishing and at the same time you can enjoy the wonderful nature.<\/p>\n<p>The record fish is 8,2 kg, caught by a guest from Ukraine in spring 2014 Congratulations!<\/p>\n\n\t\t<\/div>\n\t<\/div>\n<\/div><\/div><\/div><div class=\"wpb_column vc_column_container vc_col-sm-3\"><div class=\"vc_column-inner\"><div class=\"wpb_wrapper\">\n\t<div  class=\"wpb_single_image wpb_content_element vc_align_left  vc_custom_1717161741125\">\n\t\t\n\t\t<figure class=\"wpb_wrapper vc_figure\">\n\t\t\t<a href=\"https:\/\/brokamala.se\/en\/jakt\/\" target=\"_self\"  class=\"vc_single_image-wrapper   vc_box_border_grey rollover\"   ><img loading=\"lazy\" decoding=\"async\" width=\"1000\" height=\"667\" src=\"https:\/\/media.brokamala.se\/media\/2024\/04\/jakt-home-intro.jpg\" class=\"vc_single_image-img attachment-full\" alt=\"Jakt p\u00e5 Brokam\u00e5la G\u00e5rd\" title=\"\" srcset=\"https:\/\/media.brokamala.se\/media\/2024\/04\/jakt-home-intro.jpg 1000w, https:\/\/media.brokamala.se\/media\/2024\/04\/jakt-home-intro-300x200.jpg 300w, https:\/\/media.brokamala.se\/media\/2024\/04\/jakt-home-intro-768x512.jpg 768w, https:\/\/media.brokamala.se\/media\/2024\/04\/jakt-home-intro-18x12.jpg 18w\" sizes=\"auto, (max-width: 1000px) 100vw, 1000px\"  data-dt-location=\"https:\/\/brokamala.se\/en\/rekreation-fiske-jakt-och-exklusivt-boende-i-blekinge\/jakt-home-intro\/\" \/><\/a>\n\t\t<\/figure>\n\t<\/div>\n<h3 style=\"text-align: left;font-family:Raleway;font-weight:500;font-style:normal\" class=\"vc_custom_heading vc_do_custom_heading vc_custom_1713360238025\" >HUNTING<\/h3>\n\t<div class=\"wpb_text_column wpb_content_element\" >\n\t\t<div class=\"wpb_wrapper\">\n\t\t\t<p>Hunting\/fishing is a major interest for many, it is not only the hunting and nature but the contact with the culture, the people, the traditions, the environment that creates the optimum of a trip.<\/p>\n<p>We currently offer bird hunting in Blekinge, red deer hunting in Poland and hunting in Lithuania.<\/p>\n\n\t\t<\/div>\n\t<\/div>\n<\/div><\/div><\/div><div class=\"wpb_column vc_column_container vc_col-sm-3\"><div class=\"vc_column-inner\"><div class=\"wpb_wrapper\">\n\t<div  class=\"wpb_single_image wpb_content_element vc_align_left  vc_custom_1717161789206\">\n\t\t\n\t\t<figure class=\"wpb_wrapper vc_figure\">\n\t\t\t<a href=\"https:\/\/brokamala.se\/en\/aktiviteter\/\" target=\"_self\"  class=\"vc_single_image-wrapper   vc_box_border_grey rollover\"   ><img loading=\"lazy\" decoding=\"async\" width=\"1000\" height=\"667\" src=\"https:\/\/media.brokamala.se\/media\/2024\/04\/aventyr-home-intro.jpg\" class=\"vc_single_image-img attachment-full\" alt=\"\u00c4ventyr p\u00e5 Brokam\u00e5la G\u00e5rd\" title=\"\" srcset=\"https:\/\/media.brokamala.se\/media\/2024\/04\/aventyr-home-intro.jpg 1000w, https:\/\/media.brokamala.se\/media\/2024\/04\/aventyr-home-intro-300x200.jpg 300w, https:\/\/media.brokamala.se\/media\/2024\/04\/aventyr-home-intro-768x512.jpg 768w, https:\/\/media.brokamala.se\/media\/2024\/04\/aventyr-home-intro-18x12.jpg 18w\" sizes=\"auto, (max-width: 1000px) 100vw, 1000px\"  data-dt-location=\"https:\/\/brokamala.se\/en\/rekreation-fiske-jakt-och-exklusivt-boende-i-blekinge\/aventyr-home-intro\/\" \/><\/a>\n\t\t<\/figure>\n\t<\/div>\n<h3 style=\"text-align: left;font-family:Raleway;font-weight:500;font-style:normal\" class=\"vc_custom_heading vc_do_custom_heading vc_custom_1713360305587\" >ADVENTURE<\/h3>\n\t<div class=\"wpb_text_column wpb_content_element\" >\n\t\t<div class=\"wpb_wrapper\">\n\t\t\t<p>Team building &amp; corporate activities, missions, adventures and scoring hunts can be tailored to your needs. Do something fun together.<\/p>\n<p>We offer several exciting activities during your stay such as clay pigeon shooting, axe throwing, archery, beverage tastings and not least wood-fired sauna &amp; hot tub.<\/p>\n\n\t\t<\/div>\n\t<\/div>\n<\/div><\/div><\/div><div class=\"wpb_column vc_column_container vc_col-sm-3\"><div class=\"vc_column-inner\"><div class=\"wpb_wrapper\">\n\t<div  class=\"wpb_single_image wpb_content_element vc_align_left  vc_custom_1717161823895\">\n\t\t\n\t\t<figure class=\"wpb_wrapper vc_figure\">\n\t\t\t<a href=\"https:\/\/brokamala.se\/en\/vara-stugor\/\" target=\"_self\"  class=\"vc_single_image-wrapper   vc_box_border_grey rollover\"   ><img loading=\"lazy\" decoding=\"async\" width=\"1000\" height=\"667\" src=\"https:\/\/media.brokamala.se\/media\/2024\/04\/boende-stugor-home-intro.jpg\" class=\"vc_single_image-img attachment-full\" alt=\"Boende p\u00e5 Brokam\u00e5la G\u00e5rd\" title=\"\" srcset=\"https:\/\/media.brokamala.se\/media\/2024\/04\/boende-stugor-home-intro.jpg 1000w, https:\/\/media.brokamala.se\/media\/2024\/04\/boende-stugor-home-intro-300x200.jpg 300w, https:\/\/media.brokamala.se\/media\/2024\/04\/boende-stugor-home-intro-768x512.jpg 768w, https:\/\/media.brokamala.se\/media\/2024\/04\/boende-stugor-home-intro-18x12.jpg 18w\" sizes=\"auto, (max-width: 1000px) 100vw, 1000px\"  data-dt-location=\"https:\/\/brokamala.se\/en\/rekreation-fiske-jakt-och-exklusivt-boende-i-blekinge\/boende-stugor-home-intro\/\" \/><\/a>\n\t\t<\/figure>\n\t<\/div>\n<h3 style=\"text-align: left;font-family:Raleway;font-weight:500;font-style:normal\" class=\"vc_custom_heading vc_do_custom_heading vc_custom_1713360368572\" >ACCOMMODATION<\/h3>\n\t<div class=\"wpb_text_column wpb_content_element\" >\n\t\t<div class=\"wpb_wrapper\">\n\t\t\t<p>Our cottages are located in one of the very beautiful and scenic areas that we have in the western part of Blekinge. The accommodation is of a high standard.<\/p>\n<p>The cottages are between 55 to 95 square meters and consist of kitchen \/ large cottage and two \/ three bedrooms, toilet \/ shower.<\/p>\n\n\t\t<\/div>\n\t<\/div>\n<\/div><\/div><\/div><\/div><\/div><\/div><\/div><\/div><div class=\"vc_row-full-width vc_clearfix\"><\/div><div data-vc-full-width=\"true\" data-vc-full-width-temp=\"true\" data-vc-full-width-init=\"false\" class=\"vc_row wpb_row vc_row-fluid vc_custom_1713364983728\"><div class=\"wpb_column vc_column_container vc_col-sm-12\"><div class=\"vc_column-inner\"><div class=\"wpb_wrapper\"><div class=\"vc_row wpb_row vc_inner vc_row-fluid\"><div class=\"wpb_column vc_column_container vc_col-sm-4\"><div class=\"vc_column-inner\"><div class=\"wpb_wrapper\">\n\t<div  class=\"wpb_single_image wpb_content_element vc_align_left  vc_custom_1717162001480\">\n\t\t\n\t\t<figure class=\"wpb_wrapper vc_figure\">\n\t\t\t<div class=\"vc_single_image-wrapper   vc_box_border_grey\"><img loading=\"lazy\" decoding=\"async\" width=\"900\" height=\"600\" src=\"https:\/\/media.brokamala.se\/media\/2024\/04\/hogtider_05-900x600-1.jpg\" class=\"vc_single_image-img attachment-full\" alt=\"H\u00f6gtider, br\u00f6llop, fest och evenemang\" title=\"\" srcset=\"https:\/\/media.brokamala.se\/media\/2024\/04\/hogtider_05-900x600-1.jpg 900w, https:\/\/media.brokamala.se\/media\/2024\/04\/hogtider_05-900x600-1-300x200.jpg 300w, https:\/\/media.brokamala.se\/media\/2024\/04\/hogtider_05-900x600-1-768x512.jpg 768w, https:\/\/media.brokamala.se\/media\/2024\/04\/hogtider_05-900x600-1-18x12.jpg 18w\" sizes=\"auto, (max-width: 900px) 100vw, 900px\"  data-dt-location=\"https:\/\/brokamala.se\/en\/rekreation-fiske-jakt-och-exklusivt-boende-i-blekinge\/hogtider_05-900x600\/\" \/><\/div>\n\t\t<\/figure>\n\t<\/div>\n<h3 style=\"text-align: left;font-family:Raleway;font-weight:500;font-style:normal\" class=\"vc_custom_heading vc_do_custom_heading vc_custom_1713365152312\" >HOLIDAY TIMES<\/h3>\n\t<div class=\"wpb_text_column wpb_content_element\" >\n\t\t<div class=\"wpb_wrapper\">\n\t\t\t<p>In our old charming stable we can organize that special party, why not celebrate a holiday with your friends with good food in a unique environment?<\/p>\n\n\t\t<\/div>\n\t<\/div>\n<\/div><\/div><\/div><div class=\"wpb_column vc_column_container vc_col-sm-4\"><div class=\"vc_column-inner\"><div class=\"wpb_wrapper\">\n\t<div  class=\"wpb_single_image wpb_content_element vc_align_left  vc_custom_1717531335197\">\n\t\t\n\t\t<figure class=\"wpb_wrapper vc_figure\">\n\t\t\t<div class=\"vc_single_image-wrapper   vc_box_border_grey\"><img loading=\"lazy\" decoding=\"async\" width=\"900\" height=\"600\" src=\"https:\/\/media.brokamala.se\/media\/2024\/04\/konferens-900x600-1.jpg\" class=\"vc_single_image-img attachment-full\" alt=\"Konferanser\" title=\"\" srcset=\"https:\/\/media.brokamala.se\/media\/2024\/04\/konferens-900x600-1.jpg 900w, https:\/\/media.brokamala.se\/media\/2024\/04\/konferens-900x600-1-300x200.jpg 300w, https:\/\/media.brokamala.se\/media\/2024\/04\/konferens-900x600-1-768x512.jpg 768w, https:\/\/media.brokamala.se\/media\/2024\/04\/konferens-900x600-1-18x12.jpg 18w\" sizes=\"auto, (max-width: 900px) 100vw, 900px\"  data-dt-location=\"https:\/\/brokamala.se\/en\/rekreation-fiske-jakt-och-exklusivt-boende-i-blekinge\/konferens-900x600\/\" \/><\/div>\n\t\t<\/figure>\n\t<\/div>\n<h3 style=\"text-align: left;font-family:Raleway;font-weight:500;font-style:normal\" class=\"vc_custom_heading vc_do_custom_heading vc_custom_1717531350537\" >CONFERENCES<\/h3>\n\t<div class=\"wpb_text_column wpb_content_element\" >\n\t\t<div class=\"wpb_wrapper\">\n\t\t\t<p>Brokam\u00e5la offers a unique and natural meeting place for your conference or kick-off. Here you can get a lot of energy and inspiration from nature.<\/p>\n\n\t\t<\/div>\n\t<\/div>\n<\/div><\/div><\/div><div class=\"wpb_column vc_column_container vc_col-sm-4\"><div class=\"vc_column-inner\"><div class=\"wpb_wrapper\">\n\t<div  class=\"wpb_single_image wpb_content_element vc_align_left  vc_custom_1717531327110\">\n\t\t\n\t\t<figure class=\"wpb_wrapper vc_figure\">\n\t\t\t<div class=\"vc_single_image-wrapper   vc_box_border_grey\"><img loading=\"lazy\" decoding=\"async\" width=\"900\" height=\"600\" src=\"https:\/\/media.brokamala.se\/media\/2024\/04\/godmat_03-900x600-1.jpg\" class=\"vc_single_image-img attachment-full\" alt=\"God mat\" title=\"\" srcset=\"https:\/\/media.brokamala.se\/media\/2024\/04\/godmat_03-900x600-1.jpg 900w, https:\/\/media.brokamala.se\/media\/2024\/04\/godmat_03-900x600-1-300x200.jpg 300w, https:\/\/media.brokamala.se\/media\/2024\/04\/godmat_03-900x600-1-768x512.jpg 768w, https:\/\/media.brokamala.se\/media\/2024\/04\/godmat_03-900x600-1-18x12.jpg 18w\" sizes=\"auto, (max-width: 900px) 100vw, 900px\"  data-dt-location=\"https:\/\/brokamala.se\/en\/rekreation-fiske-jakt-och-exklusivt-boende-i-blekinge\/godmat_03-900x600\/\" \/><\/div>\n\t\t<\/figure>\n\t<\/div>\n<h3 style=\"text-align: left;font-family:Raleway;font-weight:500;font-style:normal\" class=\"vc_custom_heading vc_do_custom_heading vc_custom_1717531358599\" >ENJOY GOOD FOOD<\/h3>\n\t<div class=\"wpb_text_column wpb_content_element\" >\n\t\t<div class=\"wpb_wrapper\">\n\t\t\t<p>We can offer food for parties, weddings, various game and also exciting outdoor cooking with different dishes. You are welcome to taste.<\/p>\n\n\t\t<\/div>\n\t<\/div>\n<\/div><\/div><\/div><\/div><\/div><\/div><\/div><\/div><div class=\"vc_row-full-width vc_clearfix\"><\/div><div data-vc-full-width=\"true\" data-vc-full-width-temp=\"true\" data-vc-full-width-init=\"false\" class=\"vc_row wpb_row vc_row-fluid vc_custom_1713365821295 vc_row-has-fill\"><div class=\"wpb_column vc_column_container vc_col-sm-12\"><div class=\"vc_column-inner\"><div class=\"wpb_wrapper\"><div class=\"vc_row wpb_row vc_inner vc_row-fluid\"><div class=\"wpb_column vc_column_container vc_col-sm-12\"><div class=\"vc_column-inner vc_custom_1713367477497\"><div class=\"wpb_wrapper\"><h2 style=\"color: #ffffff;text-align: center;font-family:Raleway;font-weight:500;font-style:normal\" class=\"vc_custom_heading vc_do_custom_heading\" >BUSINESS IN HEART OF THE WILDERNESS<\/h2><h4 style=\"color: #ffffff;text-align: center;font-family:Raleway;font-weight:400;font-style:normal\" class=\"vc_custom_heading vc_do_custom_heading vc_custom_1713430928139\" >Brokam\u00e5la Farm is located among forests and lakes in western Blekinge. A relaxing oasis in the middle of the forest.<\/h4><div class=\"vc_btn3-container vc_btn3-center\" ><a class=\"vc_general vc_btn3 vc_btn3-size-md vc_btn3-shape-rounded vc_btn3-style-modern vc_btn3-color-grey\" href=\"https:\/\/brokamala.se\/en\/om-oss\/\" title=\"\">SEE OUR VIDEOS<\/a><\/div><\/div><\/div><\/div><\/div><\/div><\/div><\/div><\/div><div class=\"vc_row-full-width vc_clearfix\"><\/div>\n<\/div>","protected":false},"excerpt":{"rendered":"<p>V\u00e4lkommen till Brokam\u00e5la G\u00e5rd &#8211; V\u00e5r underbara v\u00e4rldI \u201dLake district\u201d i v\u00e4stra Blekinge, kan ni njuta av ren avkoppling, naturupplevelser eller trevliga aktiviteter, Ni v\u00e4ljer! Att vistas i skogen, lyssna p\u00e5 tystnaden, fiska, vandra eller plocka svamp, \u00e4r en oslagbar naturupplevelse. Att vara i naturen \u00f6kar ocks\u00e5 v\u00e5rt v\u00e4lbefinnande och st\u00e4rker h\u00e4lsan. F\u00f6r m\u00e5nga har&hellip;<\/p>","protected":false},"author":1,"featured_media":0,"parent":0,"menu_order":0,"comment_status":"closed","ping_status":"closed","template":"","meta":{"footnotes":""},"class_list":["post-2894","page","type-page","status-publish","hentry","description-off"],"_links":{"self":[{"href":"https:\/\/brokamala.se\/en\/wp-json\/wp\/v2\/pages\/2894","targetHints":{"allow":["GET"]}}],"collection":[{"href":"https:\/\/brokamala.se\/en\/wp-json\/wp\/v2\/pages"}],"about":[{"href":"https:\/\/brokamala.se\/en\/wp-json\/wp\/v2\/types\/page"}],"author":[{"embeddable":true,"href":"https:\/\/brokamala.se\/en\/wp-json\/wp\/v2\/users\/1"}],"replies":[{"embeddable":true,"href":"https:\/\/brokamala.se\/en\/wp-json\/wp\/v2\/comments?post=2894"}],"version-history":[{"count":156,"href":"https:\/\/brokamala.se\/en\/wp-json\/wp\/v2\/pages\/2894\/revisions"}],"predecessor-version":[{"id":4429,"href":"https:\/\/brokamala.se\/en\/wp-json\/wp\/v2\/pages\/2894\/revisions\/4429"}],"wp:attachment":[{"href":"https:\/\/brokamala.se\/en\/wp-json\/wp\/v2\/media?parent=2894"}],"curies":[{"name":"wp","href":"https:\/\/api.w.org\/{rel}","templated":true}]}}