{"id":3765,"date":"2024-05-07T18:59:00","date_gmt":"2024-05-07T17:59:00","guid":{"rendered":"https:\/\/brokamala.se\/?page_id=3765"},"modified":"2026-01-16T12:34:32","modified_gmt":"2026-01-16T11:34:32","slug":"kontakta-oss","status":"publish","type":"page","link":"https:\/\/brokamala.se\/en\/kontakta-oss\/","title":{"rendered":"Contact"},"content":{"rendered":"<div class=\"wpb-content-wrapper\"><div class=\"vc_row wpb_row vc_row-fluid vc_custom_1768561213288\"><div class=\"wpb_column vc_column_container vc_col-sm-12\"><div class=\"vc_column-inner\"><div class=\"wpb_wrapper\"><h2 style=\"text-align: center;font-family:Raleway;font-weight:400;font-style:normal\" class=\"vc_custom_heading vc_do_custom_heading vc_custom_1768563182246\" >Welcome to Brokam\u00e5la Farm<\/h2><\/div><\/div><\/div><\/div><div class=\"vc_row wpb_row vc_row-fluid vc_column-gap-20\"><div class=\"wpb_column vc_column_container vc_col-sm-6\"><div class=\"vc_column-inner vc_custom_1768562815483\"><div class=\"wpb_wrapper\"><h2 style=\"text-align: left;font-family:Raleway;font-weight:400;font-style:normal\" class=\"vc_custom_heading vc_do_custom_heading\" >Contact<\/h2>\n\t<div class=\"wpb_text_column wpb_content_element  vc_custom_1768562703484\" >\n\t\t<div class=\"wpb_wrapper\">\n\t\t\t<p style=\"text-align: left;\">You are welcome to contact us for more information about our fishing and hunting destinations, conferences or our activities here at Brokam\u00e5la Farm.<\/p>\n<p style=\"text-align: left;\">To make a reservation or contact us, please call or email us at <a href=\"mailto:info@brokamala.se\" target=\"_blank\" rel=\"noopener\">info@brokamala.se<\/a>. (please include your name, email address, and phone number so we can get back to you).<\/p>\n<p>We will respond as soon as possible, usually within 24 hours.<\/p>\n<p>&nbsp;<\/p>\n<p>&nbsp;<\/p>\n<p>&nbsp;<\/p>\n<p>&nbsp;<\/p>\n<p>&nbsp;<\/p>\n\n\t\t<\/div>\n\t<\/div>\n<\/div><\/div><\/div><div class=\"wpb_column vc_column_container vc_col-sm-6\"><div class=\"vc_column-inner\"><div class=\"wpb_wrapper\">\n\t<div  class=\"wpb_single_image wpb_content_element vc_align_left\">\n\t\t\n\t\t<figure class=\"wpb_wrapper vc_figure\">\n\t\t\t<div class=\"vc_single_image-wrapper   vc_box_border_grey\"><img loading=\"lazy\" decoding=\"async\" width=\"1351\" height=\"901\" src=\"https:\/\/media.brokamala.se\/media\/2015\/03\/kontakt-brokamala-lars-maria.jpg\" class=\"vc_single_image-img attachment-full\" alt=\"\" title=\"\" srcset=\"https:\/\/media.brokamala.se\/media\/2015\/03\/kontakt-brokamala-lars-maria.jpg 1351w, https:\/\/media.brokamala.se\/media\/2015\/03\/kontakt-brokamala-lars-maria-300x200.jpg 300w, https:\/\/media.brokamala.se\/media\/2015\/03\/kontakt-brokamala-lars-maria-1024x683.jpg 1024w\" sizes=\"auto, (max-width: 1351px) 100vw, 1351px\"  data-dt-location=\"https:\/\/brokamala.se\/en\/kontakt-brokamala-lars-maria\/\" \/><\/div>\n\t\t<\/figure>\n\t<\/div>\n<div class=\"vc_row wpb_row vc_inner vc_row-fluid\"><div class=\"wpb_column vc_column_container vc_col-sm-6\"><div class=\"vc_column-inner\"><div class=\"wpb_wrapper\"><div class=\"smile_icon_list_wrap ult_info_list_container ult-adjust-bottom-margin\"><ul class=\"smile_icon_list left square with_bg\"><li class=\"icon_list_item\" style=\" font-size:60px;\"><div class=\"icon_list_icon\" data-animation=\"\" data-animation-delay=\"03\" style=\"font-size:20px;border-width:1px;border-style:none;background:#a79277;color:#333333;border-color:#333333;\"><i class=\"fas fa-phone-square-alt\" ><\/i><\/div><div class=\"icon_description\" id=\"Info-list-wrap-9425\" style=\"font-size:20px;\"><h3 class=\"ult-responsive info-list-heading\"  data-ultimate-target='#Info-list-wrap-9425 h3'  data-responsive-json-new='{\"font-size\":\"desktop:16px;\",\"line-height\":\"desktop:24px;\"}'  style=\"\">Lars<\/h3><div class=\"icon_description_text ult-responsive\"  data-ultimate-target='#Info-list-wrap-9425 .icon_description_text'  data-responsive-json-new='{\"font-size\":\"desktop:13px;\",\"line-height\":\"desktop:18px;\"}'  style=\"\"><p><a href=\"tel:+46709149394\" target=\"_blank\" rel=\"noopener\">+46 (0)709 14 93 94<\/a><\/p>\n<\/div><\/div><div class=\"icon_list_connector\"  style=\"border-right-width: 1px;border-right-style: dashed;border-color: #333333;\"><\/div><\/li><\/ul><\/div><\/div><\/div><\/div><div class=\"wpb_column vc_column_container vc_col-sm-6\"><div class=\"vc_column-inner\"><div class=\"wpb_wrapper\"><div class=\"smile_icon_list_wrap ult_info_list_container ult-adjust-bottom-margin\"><ul class=\"smile_icon_list left square with_bg\"><li class=\"icon_list_item\" style=\" font-size:60px;\"><div class=\"icon_list_icon\" data-animation=\"\" data-animation-delay=\"03\" style=\"font-size:20px;border-width:1px;border-style:none;background:#a79277;color:#333333;border-color:#333333;\"><i class=\"fas fa-phone-square-alt\" ><\/i><\/div><div class=\"icon_description\" id=\"Info-list-wrap-4863\" style=\"font-size:20px;\"><h3 class=\"ult-responsive info-list-heading\"  data-ultimate-target='#Info-list-wrap-4863 h3'  data-responsive-json-new='{\"font-size\":\"desktop:16px;\",\"line-height\":\"desktop:24px;\"}'  style=\"\">Maria<\/h3><div class=\"icon_description_text ult-responsive\"  data-ultimate-target='#Info-list-wrap-4863 .icon_description_text'  data-responsive-json-new='{\"font-size\":\"desktop:13px;\",\"line-height\":\"desktop:18px;\"}'  style=\"\"><p><a href=\"tel:+46730885948\" target=\"_blank\" rel=\"noopener\">+46 (0)730 88 59 48<\/a><\/p>\n<\/div><\/div><div class=\"icon_list_connector\"  style=\"border-right-width: 1px;border-right-style: dashed;border-color: #333333;\"><\/div><\/li><\/ul><\/div><\/div><\/div><\/div><\/div><\/div><\/div><\/div><\/div><div data-vc-full-width=\"true\" data-vc-full-width-temp=\"true\" data-vc-full-width-init=\"false\" data-vc-stretch-content=\"true\" class=\"vc_row wpb_row vc_row-fluid vc_custom_1715101361597\"><div class=\"wpb_column vc_column_container vc_col-sm-12\"><div class=\"vc_column-inner\"><div class=\"wpb_wrapper\">\n\t<div class=\"wpb_text_column wpb_content_element\" >\n\t\t<div class=\"wpb_wrapper\">\n\t\t\t<p style=\"text-align: center;\"><iframe loading=\"lazy\" style=\"border: 0;\" src=\"https:\/\/www.google.com\/maps\/embed?pb=!1m18!1m12!1m3!1d70825.69709854298!2d14.397085157748014!3d56.30734305655274!2m3!1f0!2f0!3f0!3m2!1i1024!2i768!4f13.1!3m3!1m2!1s0x4656bc789ae779ef%3A0x4ac853be4eb8d72!2zQnJva2Ftw6VsYSBHw6VyZA!5e0!3m2!1ssv!2sse!4v1622220086781!5m2!1ssv!2sse\" width=\"1920\" height=\"400\" allowfullscreen=\"allowfullscreen\"><\/iframe><\/p>\n\n\t\t<\/div>\n\t<\/div>\n<\/div><\/div><\/div><\/div><div class=\"vc_row-full-width vc_clearfix\"><\/div>\n<\/div>","protected":false},"excerpt":{"rendered":"<p>V\u00e4lkommen till Brokam\u00e5la G\u00e5rdKontakta oss Ni \u00e4r v\u00e4lkomna att kontakta oss f\u00f6r mer info om v\u00e5ra fiske och jakt destinationer, konferenser eller v\u00e5ra aktiviteter h\u00e4r p\u00e5 Brokam\u00e5la G\u00e5rd. F\u00f6r att boka eller kontakta oss, ring eller maila oss p\u00e5 info@brokamala.se. (ange g\u00e4rna ditt namn, din e-postadress och telefonnummer s\u00e5 att vi kan \u00e5terkoppla till dig).&hellip;<\/p>","protected":false},"author":1,"featured_media":0,"parent":0,"menu_order":0,"comment_status":"closed","ping_status":"closed","template":"","meta":{"footnotes":""},"class_list":["post-3765","page","type-page","status-publish","hentry","description-off"],"_links":{"self":[{"href":"https:\/\/brokamala.se\/en\/wp-json\/wp\/v2\/pages\/3765","targetHints":{"allow":["GET"]}}],"collection":[{"href":"https:\/\/brokamala.se\/en\/wp-json\/wp\/v2\/pages"}],"about":[{"href":"https:\/\/brokamala.se\/en\/wp-json\/wp\/v2\/types\/page"}],"author":[{"embeddable":true,"href":"https:\/\/brokamala.se\/en\/wp-json\/wp\/v2\/users\/1"}],"replies":[{"embeddable":true,"href":"https:\/\/brokamala.se\/en\/wp-json\/wp\/v2\/comments?post=3765"}],"version-history":[{"count":34,"href":"https:\/\/brokamala.se\/en\/wp-json\/wp\/v2\/pages\/3765\/revisions"}],"predecessor-version":[{"id":5064,"href":"https:\/\/brokamala.se\/en\/wp-json\/wp\/v2\/pages\/3765\/revisions\/5064"}],"wp:attachment":[{"href":"https:\/\/brokamala.se\/en\/wp-json\/wp\/v2\/media?parent=3765"}],"curies":[{"name":"wp","href":"https:\/\/api.w.org\/{rel}","templated":true}]}}