{"id":3875,"date":"2024-05-31T11:21:27","date_gmt":"2024-05-31T10:21:27","guid":{"rendered":"https:\/\/brokamala.se\/?page_id=3875"},"modified":"2025-06-03T14:47:57","modified_gmt":"2025-06-03T13:47:57","slug":"jakt","status":"publish","type":"page","link":"https:\/\/brokamala.se\/en\/jakt\/","title":{"rendered":"Hunting"},"content":{"rendered":"<div class=\"wpb-content-wrapper\"><div class=\"vc_row wpb_row vc_row-fluid\"><div class=\"wpb_column vc_column_container vc_col-sm-12\"><div class=\"vc_column-inner\"><div class=\"wpb_wrapper\"><div class=\"dt-fancy-separator h2-size\" style=\"width: 100%;\"><div class=\"dt-fancy-title\" style=\"color: #3e0d1a;\"><span class=\"separator-holder separator-left\" style=\"border-color: #3e0d1a;\"><\/span>Hunting<span class=\"separator-holder separator-right\" style=\"border-color: #3e0d1a;\"><\/span><\/div><\/div>\n\t<div class=\"wpb_text_column wpb_content_element  vc_custom_1716201196217\" >\n\t\t<div class=\"wpb_wrapper\">\n\t\t\t<p style=\"text-align: center;\">Hunting\/fishing has many as a major interest, it is not only the hunting and nature but the contact with the culture,<br \/>\nthe people, traditions, the environment that create the optimum of a trip.<br \/>\nCurrently we organize Bird hunting in Blekinge, Red deer hunting in Poland as well as game hunting in Lithuania with varying number of hunting days.<\/p>\n<p style=\"text-align: center;\">WELCOME WITH YOUR INQUIRIES.<\/p>\n\n\t\t<\/div>\n\t<\/div>\n<\/div><\/div><\/div><\/div><div class=\"vc_row wpb_row vc_row-fluid vc_row-o-equal-height vc_row-flex\"><div class=\"wpb_column vc_column_container vc_col-sm-4\"><div class=\"vc_column-inner\"><div class=\"wpb_wrapper\">\n\t<div  class=\"wpb_single_image wpb_content_element vc_align_left  vc_custom_1716021483114\">\n\t\t\n\t\t<figure class=\"wpb_wrapper vc_figure\">\n\t\t\t<div class=\"vc_single_image-wrapper   vc_box_border_grey\"><img loading=\"lazy\" decoding=\"async\" width=\"643\" height=\"424\" src=\"https:\/\/media.brokamala.se\/media\/2015\/03\/fageljakt-blekinge.jpg\" class=\"vc_single_image-img attachment-full\" alt=\"F\u00e5geljakt Blekinge\" title=\"\" srcset=\"https:\/\/media.brokamala.se\/media\/2015\/03\/fageljakt-blekinge.jpg 643w, https:\/\/media.brokamala.se\/media\/2015\/03\/fageljakt-blekinge-300x198.jpg 300w\" sizes=\"auto, (max-width: 643px) 100vw, 643px\"  data-dt-location=\"https:\/\/brokamala.se\/en\/fageljakt-blekinge\/\" \/><\/div>\n\t\t<\/figure>\n\t<\/div>\n<h3 style=\"text-align: center;font-family:Raleway;font-weight:400;font-style:normal\" class=\"vc_custom_heading vc_do_custom_heading\" >Hunting Blekinge, Sweden<\/h3>\n\t<div class=\"wpb_text_column wpb_content_element  vc_custom_1748957926403\" >\n\t\t<div class=\"wpb_wrapper\">\n\t\t\t<p style=\"text-align: center;\">En dags f\u00e5geljakt f\u00f6r 12 personer. Samling p\u00e5 morgonen med genomg\u00e5ng\/frukost. D\u00e4refter 6-8 drev av viltremisser, dungar och damm efter fr\u00e4mst fasan, rapph\u00f6ns och \u00e4nder.<\/p>\n<p>\u00a0<\/p>\n\n\t\t<\/div>\n\t<\/div>\n<div class=\"vc_btn3-container vc_btn3-center\" ><a style=\"background-color:#4a3728; color:#ffffff;\" class=\"vc_general vc_btn3 vc_btn3-size-sm vc_btn3-shape-rounded vc_btn3-style-custom\" href=\"https:\/\/brokamala.se\/en\/fageljakt-blekinge\/\" title=\"Bird hunting Blekinge\">MORE INFORMATION<\/a><\/div><\/div><\/div><\/div><div class=\"wpb_column vc_column_container vc_col-sm-4\"><div class=\"vc_column-inner\"><div class=\"wpb_wrapper\">\n\t<div  class=\"wpb_single_image wpb_content_element vc_align_left  vc_custom_1716021443169\">\n\t\t\n\t\t<figure class=\"wpb_wrapper vc_figure\">\n\t\t\t<div class=\"vc_single_image-wrapper   vc_box_border_grey\"><img loading=\"lazy\" decoding=\"async\" width=\"643\" height=\"424\" src=\"https:\/\/media.brokamala.se\/media\/2024\/05\/kronhjortjakt.jpg\" class=\"vc_single_image-img attachment-full\" alt=\"Kronhjortsjakt i Polen\" title=\"\" srcset=\"https:\/\/media.brokamala.se\/media\/2024\/05\/kronhjortjakt.jpg 643w, https:\/\/media.brokamala.se\/media\/2024\/05\/kronhjortjakt-300x198.jpg 300w, https:\/\/media.brokamala.se\/media\/2024\/05\/kronhjortjakt-18x12.jpg 18w\" sizes=\"auto, (max-width: 643px) 100vw, 643px\"  data-dt-location=\"https:\/\/brokamala.se\/en\/jakt\/kronhjortjakt\/\" \/><\/div>\n\t\t<\/figure>\n\t<\/div>\n<h3 style=\"text-align: center;font-family:Raleway;font-weight:400;font-style:normal\" class=\"vc_custom_heading vc_do_custom_heading\" >Hunting Poland<\/h3>\n\t<div class=\"wpb_text_column wpb_content_element  vc_custom_1748958025017\" >\n\t\t<div class=\"wpb_wrapper\">\n\t\t\t<p style=\"text-align: center;\">Kronhjortsjakt. Det \u00e4r f\u00f6renat med stor j\u00e4garm\u00e4ssig prestige att nedl\u00e4gga en kapital kronhjort. Har man en g\u00e5ng upplevt hjortarnas brunstbr\u00f6l i skogen f\u00f6rst\u00e5r man varf\u00f6r detta \u00e4r s\u00e5 sp\u00e4nnande jakt.<\/p>\n<p>\u00a0<\/p>\n\n\t\t<\/div>\n\t<\/div>\n<div class=\"vc_btn3-container vc_btn3-center\" ><a style=\"background-color:#4a3728; color:#ffffff;\" class=\"vc_general vc_btn3 vc_btn3-size-sm vc_btn3-shape-rounded vc_btn3-style-custom\" href=\"https:\/\/brokamala.se\/en\/kronhjortsjakt-i-polen\/\" title=\"Stag hunting in Poland\">MORE INFORMATION<\/a><\/div><\/div><\/div><\/div><div class=\"wpb_column vc_column_container vc_col-sm-4\"><div class=\"vc_column-inner\"><div class=\"wpb_wrapper\">\n\t<div  class=\"wpb_single_image wpb_content_element vc_align_left  vc_custom_1716200699004\">\n\t\t\n\t\t<figure class=\"wpb_wrapper vc_figure\">\n\t\t\t<div class=\"vc_single_image-wrapper   vc_box_border_grey\"><img loading=\"lazy\" decoding=\"async\" width=\"643\" height=\"424\" src=\"https:\/\/media.brokamala.se\/media\/2024\/05\/jakt-litauen-643x424-1.jpg\" class=\"vc_single_image-img attachment-full\" alt=\"3 dagars jakt i Litauen\" title=\"\" srcset=\"https:\/\/media.brokamala.se\/media\/2024\/05\/jakt-litauen-643x424-1.jpg 643w, https:\/\/media.brokamala.se\/media\/2024\/05\/jakt-litauen-643x424-1-300x198.jpg 300w, https:\/\/media.brokamala.se\/media\/2024\/05\/jakt-litauen-643x424-1-18x12.jpg 18w\" sizes=\"auto, (max-width: 643px) 100vw, 643px\"  data-dt-location=\"https:\/\/brokamala.se\/en\/jakt\/jakt-litauen-643x424\/\" \/><\/div>\n\t\t<\/figure>\n\t<\/div>\n<h3 style=\"text-align: center;font-family:Raleway;font-weight:400;font-style:normal\" class=\"vc_custom_heading vc_do_custom_heading\" >Hunting Lithuania<\/h3>\n\t<div class=\"wpb_text_column wpb_content_element  vc_custom_1748958445309\" >\n\t\t<div class=\"wpb_wrapper\">\n\t\t\t<p style=\"text-align: center;\">Tre dagars jakt med ett omr\u00e5de p\u00e5 ca 12 000Ha f\u00f6rdelat p\u00e5 4 olika omr\u00e5den. Under dagen anv\u00e4nder vi ca 10 personer och ca 10 hundar i dreven samt efters\u00f6ksgrupp efter varje drev.<\/p>\n<p>\u00a0<\/p>\n\n\t\t<\/div>\n\t<\/div>\n<div class=\"vc_btn3-container vc_btn3-center\" ><a style=\"background-color:#4a3728; color:#ffffff;\" class=\"vc_general vc_btn3 vc_btn3-size-sm vc_btn3-shape-rounded vc_btn3-style-custom\" href=\"https:\/\/brokamala.se\/en\/jakt-i-litauen\/\" title=\"Hunting in Lithuania\">MORE INFORMATION<\/a><\/div><\/div><\/div><\/div><\/div><div class=\"vc_row wpb_row vc_row-fluid\"><div class=\"wpb_column vc_column_container vc_col-sm-4\"><div class=\"vc_column-inner\"><div class=\"wpb_wrapper\"><\/div><\/div><\/div><div class=\"wpb_column vc_column_container vc_col-sm-4\"><div class=\"vc_column-inner\"><div class=\"wpb_wrapper\">\n\t<div  class=\"wpb_single_image wpb_content_element vc_align_center\">\n\t\t\n\t\t<figure class=\"wpb_wrapper vc_figure\">\n\t\t\t<div class=\"vc_single_image-wrapper   vc_box_border_grey\"><img loading=\"lazy\" decoding=\"async\" width=\"643\" height=\"424\" src=\"https:\/\/media.brokamala.se\/media\/2025\/06\/jakt-simulerad.jpg\" class=\"vc_single_image-img attachment-full\" alt=\"\" title=\"\" srcset=\"https:\/\/media.brokamala.se\/media\/2025\/06\/jakt-simulerad.jpg 643w, https:\/\/media.brokamala.se\/media\/2025\/06\/jakt-simulerad-300x198.jpg 300w, https:\/\/media.brokamala.se\/media\/2025\/06\/jakt-simulerad-18x12.jpg 18w\" sizes=\"auto, (max-width: 643px) 100vw, 643px\"  data-dt-location=\"https:\/\/brokamala.se\/en\/jakt\/jakt-simulerad\/\" \/><\/div>\n\t\t<\/figure>\n\t<\/div>\n<h3 style=\"text-align: center;font-family:Raleway;font-weight:400;font-style:normal\" class=\"vc_custom_heading vc_do_custom_heading\" >Simulerad f\u00e5geljakt<\/h3>\n\t<div class=\"wpb_text_column wpb_content_element  vc_custom_1748957711156\" >\n\t\t<div class=\"wpb_wrapper\">\n\t\t\t<p style=\"text-align: center;\">S\u00f6ker du en sp\u00e4nnande och kr\u00e4vande dagsutflykt?<\/p>\n<p style=\"text-align: center;\">I b\u00f6ljande kuperad terr\u00e4ng p\u00e5 Brokam\u00e5la G\u00e5rd kommer lerduvorna skickas susande \u00f6ver skyttelinjen, n\u00e4rmare riktig jakt kommer du inte!<\/p>\n\n\t\t<\/div>\n\t<\/div>\n<div class=\"vc_btn3-container vc_btn3-center\" ><a style=\"background-color:#4a3728; color:#ffffff;\" class=\"vc_general vc_btn3 vc_btn3-size-sm vc_btn3-shape-rounded vc_btn3-style-custom\" href=\"https:\/\/brokamala.se\/en\/simulerad-jakt\/\" title=\"Simulerad f\u00e5geljakt\">MORE INFORMATION<\/a><\/div><\/div><\/div><\/div><div class=\"wpb_column vc_column_container vc_col-sm-4\"><div class=\"vc_column-inner\"><div class=\"wpb_wrapper\"><\/div><\/div><\/div><\/div><div data-vc-full-width=\"true\" data-vc-full-width-temp=\"true\" data-vc-full-width-init=\"false\" class=\"vc_row wpb_row vc_row-fluid vc_custom_1716022480035 vc_row-has-fill\"><div class=\"wpb_column vc_column_container vc_col-sm-12\"><div class=\"vc_column-inner\"><div class=\"wpb_wrapper\"><\/div><\/div><\/div><\/div><div class=\"vc_row-full-width vc_clearfix\"><\/div>\n<\/div>","protected":false},"excerpt":{"rendered":"<p>Jakt Jakt \/ fiske har m\u00e5nga som ett stort intresse, det \u00e4r inte bara jakten och naturen utan kontakten med kulturen, m\u00e4nniskorna, traditioner, milj\u00f6n som skapar det optimala av en resa. F\u00f6r n\u00e4rvarande organiserar vi F\u00e5geljakt i Blekinge, Kronhjortsjakt i Polen samt viltjakt i Litauen med varierande antal jaktdagar. V\u00c4LKOMNA MED ERA F\u00d6RFR\u00c5GNINGAR. Jakt Blekinge,&hellip;<\/p>","protected":false},"author":1,"featured_media":0,"parent":0,"menu_order":0,"comment_status":"closed","ping_status":"closed","template":"","meta":{"footnotes":""},"class_list":["post-3875","page","type-page","status-publish","hentry","description-off"],"_links":{"self":[{"href":"https:\/\/brokamala.se\/en\/wp-json\/wp\/v2\/pages\/3875","targetHints":{"allow":["GET"]}}],"collection":[{"href":"https:\/\/brokamala.se\/en\/wp-json\/wp\/v2\/pages"}],"about":[{"href":"https:\/\/brokamala.se\/en\/wp-json\/wp\/v2\/types\/page"}],"author":[{"embeddable":true,"href":"https:\/\/brokamala.se\/en\/wp-json\/wp\/v2\/users\/1"}],"replies":[{"embeddable":true,"href":"https:\/\/brokamala.se\/en\/wp-json\/wp\/v2\/comments?post=3875"}],"version-history":[{"count":45,"href":"https:\/\/brokamala.se\/en\/wp-json\/wp\/v2\/pages\/3875\/revisions"}],"predecessor-version":[{"id":4892,"href":"https:\/\/brokamala.se\/en\/wp-json\/wp\/v2\/pages\/3875\/revisions\/4892"}],"wp:attachment":[{"href":"https:\/\/brokamala.se\/en\/wp-json\/wp\/v2\/media?parent=3875"}],"curies":[{"name":"wp","href":"https:\/\/api.w.org\/{rel}","templated":true}]}}