{"id":3908,"date":"2024-05-18T19:54:51","date_gmt":"2024-05-18T18:54:51","guid":{"rendered":"https:\/\/brokamala.se\/?page_id=3908"},"modified":"2026-02-22T20:00:12","modified_gmt":"2026-02-22T19:00:12","slug":"jakt-i-litauen","status":"publish","type":"page","link":"https:\/\/brokamala.se\/en\/jakt-i-litauen\/","title":{"rendered":"Hunting in Lithuania"},"content":{"rendered":"<div class=\"wpb-content-wrapper\"><div class=\"vc_row wpb_row vc_row-fluid\"><div class=\"wpb_column vc_column_container vc_col-sm-12\"><div class=\"vc_column-inner\"><div class=\"wpb_wrapper\"><div class=\"dt-fancy-separator h2-size\" style=\"width: 100%;\"><div class=\"dt-fancy-title\" style=\"color: #3e0d1a;\"><span class=\"separator-holder separator-left\" style=\"border-color: #3e0d1a;\"><\/span>Hunting Lithuania<span class=\"separator-holder separator-right\" style=\"border-color: #3e0d1a;\"><\/span><\/div><\/div><\/div><\/div><\/div><\/div><div class=\"vc_row wpb_row vc_row-fluid vc_custom_1716061619282 vc_row-has-fill vc_column-gap-10 vc_row-o-equal-height vc_row-flex\"><div class=\"wpb_column vc_column_container vc_col-sm-4 vc_col-has-fill\"><div class=\"vc_column-inner vc_custom_1716198002647\"><div class=\"wpb_wrapper\"><\/div><\/div><\/div><div class=\"wpb_column vc_column_container vc_col-sm-8\"><div class=\"vc_column-inner\"><div class=\"wpb_wrapper\"><h2 style=\"text-align: left;font-family:Raleway;font-weight:400;font-style:normal\" class=\"vc_custom_heading vc_do_custom_heading\" >Three days hunting in Lithuania<\/h2>\n\t<div class=\"wpb_text_column wpb_content_element\" >\n\t\t<div class=\"wpb_wrapper\">\n\t\t\t<p>F\u00f6r en grupp p\u00e5 20 personer.<\/p>\n<p>The hunting area is about 12 000Ha but divided into 4 different areas.<br \/>\nUnder dagen anv\u00e4nder vi ca 10 personer och ca 10 hundar i dreven, efter varje drev har de efters\u00f6ksgrupp, s\u00e5 vi jagar vidare. I Litauen k\u00f6r de st\u00f6rre drev under dagen, det 3-5 per dag, lunch i skogen<\/p>\n<p><strong>The hunting offer includes:<\/strong><br \/>\nUnder de 3 jaktdagarna ing\u00e5r 8 kronhjortar och d\u00e5 \u00e4r det fr\u00e5n 4 kg och upp\u00e5t.<br \/>\n8 kronhjortar, 25 hindar och kalvar 5 hornb\u00e4rande Dovhjortar.<br \/>\nObegr\u00e4nsat p\u00e5 R\u00e5djur, vildsvin, varg (om turen \u00e4r med oss), r\u00e4var, dovhjortshind och kalv.<br \/>\nAccommodation <a style=\"color: #3e0d1a;\" href=\"https:\/\/centralhotel.lt\/\" target=\"_blank\" rel=\"noopener\">https:\/\/centralhotel.lt<\/a> Single room is possible.<\/p>\n<p>Priset \u00e4r pp fr\u00e5n \u20ac2700 + b\u00e5tresan med del i hytt, frukost och middag p\u00e5 kv\u00e4llen\u00a0 p\u00e5 ca 3500:- per person.<\/p>\n<p>Datum f\u00f6r November mellan 11-14 Jakt 12,13, 14 Dessa datum \u00e4r i stort sett Fullbokade.<\/p>\n<p>N\u00e4sta planerade resa November 25-28 Jakt 26,27,28\/11<\/p>\n\n\t\t<\/div>\n\t<\/div>\n<div class=\"vc_message_box vc_message_box-standard vc_message_box-rounded vc_color-grey\" ><div class=\"vc_message_box-icon\"><i class=\"fa fa-solid fa-circle-info\"><\/i><\/div><p>CONTACT US WITH INQUIRIES AND POSSIBLE BOOKING!<\/p>\n<\/div><\/div><\/div><\/div><\/div><div class=\"vc_row wpb_row vc_row-fluid\"><div class=\"wpb_column vc_column_container vc_col-sm-12\"><div class=\"vc_column-inner\"><div class=\"wpb_wrapper\"><section class=\"vc_cta3-container\"><div class=\"vc_general vc_do_cta3 vc_cta3 vc_cta3-style-classic vc_cta3-shape-rounded vc_cta3-align-center vc_cta3-color-classic vc_cta3-icon-size-md vc_cta3-actions-bottom\"><div class=\"vc_cta3_content-container\"><div class=\"vc_cta3-content\"><header class=\"vc_cta3-content-header\"><h2>Book Hunting in Lithuania!<\/h2><\/header><p>Places go fast, we recommend that you book in time.<\/p>\n<\/div><div class=\"vc_cta3-actions\"><div class=\"vc_btn3-container vc_btn3-center\" ><a style=\"background-color:#4a3728; color:#ffffff;\" class=\"vc_general vc_btn3 vc_btn3-size-md vc_btn3-shape-rounded vc_btn3-style-custom\" href=\"https:\/\/brokamala.se\/en\/kontakta-oss\/\" title=\"Kontakt oss\">CONTACT US<\/a><\/div><\/div><\/div><\/div><\/section><\/div><\/div><\/div><\/div>\n<\/div>","protected":false},"excerpt":{"rendered":"<p>Jakt LitauenTre dagars jakt i Litauen F\u00f6r en grupp p\u00e5 20 personer. Jaktomr\u00e5det \u00e4r p\u00e5 ca 12 000Ha men f\u00f6rdelat p\u00e5 4 olika omr\u00e5den. Under dagen anv\u00e4nder vi ca 10 personer och ca 10 hundar i dreven, efter varje drev har de efters\u00f6ksgrupp, s\u00e5 vi jagar vidare. I Litauen k\u00f6r de st\u00f6rre drev under dagen,&hellip;<\/p>","protected":false},"author":1,"featured_media":0,"parent":0,"menu_order":0,"comment_status":"closed","ping_status":"closed","template":"","meta":{"footnotes":""},"class_list":["post-3908","page","type-page","status-publish","hentry","description-off"],"_links":{"self":[{"href":"https:\/\/brokamala.se\/en\/wp-json\/wp\/v2\/pages\/3908","targetHints":{"allow":["GET"]}}],"collection":[{"href":"https:\/\/brokamala.se\/en\/wp-json\/wp\/v2\/pages"}],"about":[{"href":"https:\/\/brokamala.se\/en\/wp-json\/wp\/v2\/types\/page"}],"author":[{"embeddable":true,"href":"https:\/\/brokamala.se\/en\/wp-json\/wp\/v2\/users\/1"}],"replies":[{"embeddable":true,"href":"https:\/\/brokamala.se\/en\/wp-json\/wp\/v2\/comments?post=3908"}],"version-history":[{"count":96,"href":"https:\/\/brokamala.se\/en\/wp-json\/wp\/v2\/pages\/3908\/revisions"}],"predecessor-version":[{"id":5191,"href":"https:\/\/brokamala.se\/en\/wp-json\/wp\/v2\/pages\/3908\/revisions\/5191"}],"wp:attachment":[{"href":"https:\/\/brokamala.se\/en\/wp-json\/wp\/v2\/media?parent=3908"}],"curies":[{"name":"wp","href":"https:\/\/api.w.org\/{rel}","templated":true}]}}