{"id":3960,"date":"2024-05-31T11:24:33","date_gmt":"2024-05-31T10:24:33","guid":{"rendered":"https:\/\/brokamala.se\/?page_id=3960"},"modified":"2026-03-12T08:28:43","modified_gmt":"2026-03-12T07:28:43","slug":"fageljakt-blekinge-2","status":"publish","type":"page","link":"https:\/\/brokamala.se\/en\/fageljakt-blekinge-2\/","title":{"rendered":"Bird hunting Blekinge"},"content":{"rendered":"<div class=\"wpb-content-wrapper\"><div class=\"vc_row wpb_row vc_row-fluid vc_custom_1716108194708\"><div class=\"wpb_column vc_column_container vc_col-sm-12\"><div class=\"vc_column-inner\"><div class=\"wpb_wrapper\"><div class=\"dt-fancy-separator h2-size\" style=\"width: 100%;\"><div class=\"dt-fancy-title\" style=\"color: #3e0d1a;\"><span class=\"separator-holder separator-left\" style=\"border-color: #3e0d1a;\"><\/span>Bird hunting in Blekinge<span class=\"separator-holder separator-right\" style=\"border-color: #3e0d1a;\"><\/span><\/div><\/div><\/div><\/div><\/div><\/div><div class=\"vc_row wpb_row vc_row-fluid vc_custom_1716108222300\"><div class=\"wpb_column vc_column_container vc_col-sm-12\"><div class=\"vc_column-inner\"><div class=\"wpb_wrapper\"><h3 style=\"text-align: center;font-family:Raleway;font-weight:400;font-style:normal\" class=\"vc_custom_heading vc_do_custom_heading\" >ONE-DAY EVENTS<\/h3><div class=\"vc_separator wpb_content_element vc_separator_align_center vc_sep_width_100 vc_sep_pos_align_center vc_separator_no_text wpb_content_element  wpb_content_element\" ><span class=\"vc_sep_holder vc_sep_holder_l\"><span style=\"border-color:#3e0d1a;\" class=\"vc_sep_line\"><\/span><\/span><span class=\"vc_sep_holder vc_sep_holder_r\"><span style=\"border-color:#3e0d1a;\" class=\"vc_sep_line\"><\/span><\/span>\n<\/div><\/div><\/div><\/div><\/div><div class=\"vc_row wpb_row vc_row-fluid vc_custom_1716108805068 vc_row-has-fill vc_column-gap-10 vc_row-o-equal-height vc_row-flex\"><div class=\"wpb_column vc_column_container vc_col-sm-4 vc_col-has-fill\"><div class=\"vc_column-inner vc_custom_1773300482827\"><div class=\"wpb_wrapper\"><\/div><\/div><\/div><div class=\"wpb_column vc_column_container vc_col-sm-8\"><div class=\"vc_column-inner\"><div class=\"wpb_wrapper\"><h2 style=\"text-align: left;font-family:Raleway;font-weight:400;font-style:normal\" class=\"vc_custom_heading vc_do_custom_heading\" >One day Rough Shooting<\/h2><h2 style=\"text-align: left;font-family:Raleway;font-weight:400;font-style:normal\" class=\"vc_custom_heading vc_do_custom_heading\" >One day bird hunting<\/h2>\n\t<div class=\"wpb_text_column wpb_content_element\" >\n\t\t<div class=\"wpb_wrapper\">\n\t\t\t<p style=\"text-align: center;\"><strong>1 Dags f\u00e5geljakt 2026<\/strong><\/p>\n<p style=\"text-align: center;\">f\u00f6r 10-12 personer.<\/p>\n<p style=\"text-align: center;\">F\u00f6rslag p\u00e5 dag: 9-16-23\/10 eller 6-20-27\/11\u00a0 4-11-18\/12<\/p>\n<p>Dagens uppl\u00e4gg:<\/p>\n<p>-Frukost 08:30<\/p>\n<p>-Jakten startar ca kl. 09.00<\/p>\n<p>-Bag ca 250 st. baserat p\u00e5 10-12 deltagare.<\/p>\n<p>-Efter 2 drev blir det lite snittar och dryck, vid 13 tiden Lunch.<\/p>\n<p>D\u00e4refter jagas ytterligare 1-2 drev.<\/p>\n<p>-Jaktdagens avslutas ca. kl. 15 med viltparad vartefter fika serveras.<\/p>\n<p>I priset ing\u00e5r: All mat och dryck under dagen, jaktledning och organisation samt transporter. Ammunition ing\u00e5r ej men finns p\u00e5 plats om det beh\u00f6vs.<\/p>\n<p>3 skotts regel g\u00e4ller<\/p>\n<p>Pris pp 12 500:-<\/p>\n<p>VAT will be added<\/p>\n<p>Ut\u00f6ver 250 f\u00e5gel kostar det<\/p>\n<p>Pris\/f\u00e4lld fasan\u00a0\u00a0\u00a0\u00a0\u00a0\u00a0\u00a0\u00a0\u00a0\u00a0\u00a0 550 kr. st.<\/p>\n<p>Gr\u00e4sand\u00a0\u00a0\u00a0\u00a0\u00a0\u00a0\u00a0\u00a0\u00a0\u00a0\u00a0\u00a0\u00a0\u00a0\u00a0\u00a0\u00a0\u00a0\u00a0\u00a0\u00a0\u00a0\u00a0 390 kr\/st.<\/p>\n<p>&nbsp;<\/p>\n<p>\u00d6nskas \u00f6vernattning s\u00e5 tillkommer det<\/p>\n<p>Med v\u00e4nliga h\u00e4lsningar<\/p>\n<p>Lars S\u00e4llstr\u00f6m 0709-149394<\/p>\n\n\t\t<\/div>\n\t<\/div>\n<div class=\"vc_message_box vc_message_box-solid vc_message_box-rounded vc_color-grey\" ><div class=\"vc_message_box-icon\"><i class=\"fa fa-solid fa-circle-info\"><\/i><\/div><p>For more information please send an inquiry by email.<\/p>\n<\/div><\/div><\/div><\/div><\/div><div class=\"vc_row wpb_row vc_row-fluid vc_custom_1716109289334 vc_row-has-fill vc_column-gap-10 vc_row-o-equal-height vc_row-flex\"><div class=\"wpb_column vc_column_container vc_col-sm-4 vc_col-has-fill\"><div class=\"vc_column-inner vc_custom_1716122682304\"><div class=\"wpb_wrapper\"><\/div><\/div><\/div><div class=\"wpb_column vc_column_container vc_col-sm-8\"><div class=\"vc_column-inner\"><div class=\"wpb_wrapper\">\n\t<div class=\"wpb_text_column wpb_content_element\" >\n\t\t<div class=\"wpb_wrapper\">\n\t\t\t<h3 style=\"text-align: center;\"><strong>1 Day bird hunting <\/strong><\/h3>\n<p>Dagens uppl\u00e4gg:<\/p>\n<p>Bag 100 st. baserat p\u00e5 6-8 deltagare.<\/p>\n<p>Samling kl. 08.30 f\u00f6r kaffe samt genomg\u00e5ng utav dagens jakt.<\/p>\n<p>Jakten startar kl. 09.00<\/p>\n<p>Efter 2-3 drev \u00a0Lunch. D\u00e4refter jagas ytterligare 1-2 drev.<\/p>\n<p>Jaktdagens avslutas ca. kl. 15 med viltparad vartefter fika serveras.<\/p>\n<p>Pris exempel 6-8 skyttar.<\/p>\n<p>I priset ing\u00e5r: 100 st f\u00e5gel<\/p>\n<p>All mat under dagen, jaktledning och organisation samt transporter. Ammunition ing\u00e5r ej men kan k\u00f6pas p\u00e5 plats.<\/p>\n<p>Pris pp 7500:-<\/p>\n<p>VAT will be added<\/p>\n<p>Ut\u00f6ver 100 f\u00e5gel kostar det<\/p>\n<p>Pris\/f\u00e4lld fasan\u00a0\u00a0\u00a0\u00a0\u00a0\u00a0\u00a0\u00a0\u00a0\u00a0\u00a0 450 kr. st.<\/p>\n\n\t\t<\/div>\n\t<\/div>\n<div class=\"vc_message_box vc_message_box-solid vc_message_box-rounded vc_color-grey\" ><div class=\"vc_message_box-icon\"><i class=\"fa fa-solid fa-circle-info\"><\/i><\/div><p>For more information please send an inquiry by email.<\/p>\n<\/div><\/div><\/div><\/div><\/div><div class=\"vc_row wpb_row vc_row-fluid vc_custom_1716109627142\"><div class=\"wpb_column vc_column_container vc_col-sm-12\"><div class=\"vc_column-inner\"><div class=\"wpb_wrapper\"><h3 style=\"text-align: center;font-family:Raleway;font-weight:400;font-style:normal\" class=\"vc_custom_heading vc_do_custom_heading\" >TWO DAY ARRANGEMENT<\/h3><div class=\"vc_separator wpb_content_element vc_separator_align_center vc_sep_width_100 vc_sep_pos_align_center vc_separator_no_text wpb_content_element  wpb_content_element\" ><span class=\"vc_sep_holder vc_sep_holder_l\"><span style=\"border-color:#3e0d1a;\" class=\"vc_sep_line\"><\/span><\/span><span class=\"vc_sep_holder vc_sep_holder_r\"><span style=\"border-color:#3e0d1a;\" class=\"vc_sep_line\"><\/span><\/span>\n<\/div><h4 style=\"text-align: center;font-family:Raleway;font-weight:400;font-style:normal\" class=\"vc_custom_heading vc_do_custom_heading\" >Rough shooting for ungulates and birds 2024<\/h4>\n\t<div class=\"wpb_text_column wpb_content_element\" >\n\t\t<div class=\"wpb_wrapper\">\n\t\t\t<p style=\"text-align: center;\">Jaktuppl\u00e4gg f\u00f6r 12 personer. Inget f\u00f6r narvarande<\/p>\n\n\t\t<\/div>\n\t<\/div>\n<\/div><\/div><\/div><\/div><div class=\"vc_row wpb_row vc_row-fluid vc_column-gap-10 vc_row-o-equal-height vc_row-flex\"><div class=\"wpb_column vc_column_container vc_col-sm-6 vc_col-has-fill\"><div class=\"vc_column-inner vc_custom_1716122390955\"><div class=\"wpb_wrapper\"><h2 style=\"text-align: left;font-family:Raleway;font-weight:400;font-style:normal\" class=\"vc_custom_heading vc_do_custom_heading\" >Hunting day 1<\/h2>\n\t<div class=\"wpb_text_column wpb_content_element\" >\n\t\t<div class=\"wpb_wrapper\">\n\t\t\t\n\t\t<\/div>\n\t<\/div>\n<\/div><\/div><\/div><div class=\"wpb_column vc_column_container vc_col-sm-6 vc_col-has-fill\"><div class=\"vc_column-inner vc_custom_1716122423522\"><div class=\"wpb_wrapper\"><h2 style=\"text-align: left;font-family:Raleway;font-weight:400;font-style:normal\" class=\"vc_custom_heading vc_do_custom_heading\" >Hunting day 2<\/h2>\n\t<div class=\"wpb_text_column wpb_content_element\" >\n\t\t<div class=\"wpb_wrapper\">\n\t\t\t\n\t\t<\/div>\n\t<\/div>\n<\/div><\/div><\/div><\/div><div class=\"vc_row wpb_row vc_row-fluid vc_custom_1716122496748 vc_row-has-fill\"><div class=\"wpb_column vc_column_container vc_col-sm-12\"><div class=\"vc_column-inner\"><div class=\"wpb_wrapper\"><div class=\"vc_message_box vc_message_box-solid vc_message_box-rounded vc_color-grey\" ><div class=\"vc_message_box-icon\"><i class=\"fa fa-solid fa-circle-info\"><\/i><\/div><p>For more information please send an inquiry by email.<\/p>\n<\/div><\/div><\/div><\/div><\/div><div class=\"vc_row wpb_row vc_row-fluid\"><div class=\"wpb_column vc_column_container vc_col-sm-12\"><div class=\"vc_column-inner\"><div class=\"wpb_wrapper\"><section class=\"vc_cta3-container\"><div class=\"vc_general vc_do_cta3 vc_cta3 vc_cta3-style-classic vc_cta3-shape-rounded vc_cta3-align-center vc_cta3-color-classic vc_cta3-icon-size-md vc_cta3-actions-bottom\"><div class=\"vc_cta3_content-container\"><div class=\"vc_cta3-content\"><header class=\"vc_cta3-content-header\"><h2>Book Bird hunting in Blekinge!<\/h2><\/header><p>Places go fast, we recommend that you book in time.<\/p>\n<\/div><div class=\"vc_cta3-actions\"><div class=\"vc_btn3-container vc_btn3-center\" ><a style=\"background-color:#4a3728; color:#ffffff;\" class=\"vc_general vc_btn3 vc_btn3-size-md vc_btn3-shape-rounded vc_btn3-style-custom\" href=\"https:\/\/brokamala.se\/en\/kontakta-oss\/\" title=\"Kontakt oss\">CONTACT US<\/a><\/div><\/div><\/div><\/div><\/section><\/div><\/div><\/div><\/div>\n<\/div>","protected":false},"excerpt":{"rendered":"<p>F\u00e5geljakt i BlekingeENDAGS ARRANGEMANG En dags Rough ShootingEn dags f\u00e5geljakt 1 Dags f\u00e5geljakt 2026 f\u00f6r 10-12 personer. F\u00f6rslag p\u00e5 dag: 9-16-23\/10 eller 6-20-27\/11\u00a0 4-11-18\/12 Dagens uppl\u00e4gg: -Frukost 08:30 -Jakten startar ca kl. 09.00 -Bag ca 250 st. baserat p\u00e5 10-12 deltagare. -Efter 2 drev blir det lite snittar och dryck, vid 13 tiden Lunch. D\u00e4refter&hellip;<\/p>","protected":false},"author":1,"featured_media":0,"parent":0,"menu_order":0,"comment_status":"closed","ping_status":"closed","template":"","meta":{"footnotes":""},"class_list":["post-3960","page","type-page","status-publish","hentry","description-off"],"_links":{"self":[{"href":"https:\/\/brokamala.se\/en\/wp-json\/wp\/v2\/pages\/3960","targetHints":{"allow":["GET"]}}],"collection":[{"href":"https:\/\/brokamala.se\/en\/wp-json\/wp\/v2\/pages"}],"about":[{"href":"https:\/\/brokamala.se\/en\/wp-json\/wp\/v2\/types\/page"}],"author":[{"embeddable":true,"href":"https:\/\/brokamala.se\/en\/wp-json\/wp\/v2\/users\/1"}],"replies":[{"embeddable":true,"href":"https:\/\/brokamala.se\/en\/wp-json\/wp\/v2\/comments?post=3960"}],"version-history":[{"count":82,"href":"https:\/\/brokamala.se\/en\/wp-json\/wp\/v2\/pages\/3960\/revisions"}],"predecessor-version":[{"id":5296,"href":"https:\/\/brokamala.se\/en\/wp-json\/wp\/v2\/pages\/3960\/revisions\/5296"}],"wp:attachment":[{"href":"https:\/\/brokamala.se\/en\/wp-json\/wp\/v2\/media?parent=3960"}],"curies":[{"name":"wp","href":"https:\/\/api.w.org\/{rel}","templated":true}]}}