{"id":4053,"date":"2024-05-31T11:28:42","date_gmt":"2024-05-31T10:28:42","guid":{"rendered":"https:\/\/brokamala.se\/?page_id=4053"},"modified":"2026-03-12T08:30:59","modified_gmt":"2026-03-12T07:30:59","slug":"kronhjortsjakt-i-polen","status":"publish","type":"page","link":"https:\/\/brokamala.se\/en\/kronhjortsjakt-i-polen\/","title":{"rendered":"Stag hunting in Poland"},"content":{"rendered":"<div class=\"wpb-content-wrapper\"><div class=\"vc_row wpb_row vc_row-fluid\"><div class=\"wpb_column vc_column_container vc_col-sm-12\"><div class=\"vc_column-inner\"><div class=\"wpb_wrapper\"><div class=\"dt-fancy-separator h2-size\" style=\"width: 100%;\"><div class=\"dt-fancy-title\" style=\"color: #3e0d1a;\"><span class=\"separator-holder separator-left\" style=\"border-color: #3e0d1a;\"><\/span>Hunting in Poland<span class=\"separator-holder separator-right\" style=\"border-color: #3e0d1a;\"><\/span><\/div><\/div><\/div><\/div><\/div><\/div><div class=\"vc_row wpb_row vc_row-fluid vc_custom_1716061619282 vc_row-has-fill vc_column-gap-10 vc_row-o-equal-height vc_row-flex\"><div class=\"wpb_column vc_column_container vc_col-sm-4 vc_col-has-fill\"><div class=\"vc_column-inner vc_custom_1716053097748\"><div class=\"wpb_wrapper\"><\/div><\/div><\/div><div class=\"wpb_column vc_column_container vc_col-sm-8\"><div class=\"vc_column-inner\"><div class=\"wpb_wrapper\"><h2 style=\"text-align: left;font-family:Raleway;font-weight:400;font-style:normal\" class=\"vc_custom_heading vc_do_custom_heading\" >Stag hunting in Poland <\/h2>\n\t<div class=\"wpb_text_column wpb_content_element\" >\n\t\t<div class=\"wpb_wrapper\">\n\t\t\t<p>There is a great deal of prestige associated with hunting a capital red deer. If you have ever experienced the rut of the deer in the forest, you will understand why this is such an exciting hunt. With a wonderful nature and wilderness with an outstanding game population and professional hunting management, Poland is one of the most popular destinations when it comes to stealth hunting.<\/p>\n<p>Located about 2 hours from Gdynia in the Masurian region near the village of Mor\u0105g, the 24,000 ha hunting area is famous for its large red deer.<\/p>\n<p>The price includes - accommodation in a single room and full board for 3 days,<br \/>\n4 days hunting 6 hunts morning and evening 1:1 interpreter, insurance.<\/p>\n<p>Pris fr\u00e5n \u20ac980 per person.<\/p>\n<p>To be added<br \/>\nTrof\u00e9avgift efter trof\u00e9lista, B\u00e5tresan med bil, dricks till guiden \u20ac50 per jakt . Alkoholhaltiga drycker.<\/p>\n\n\t\t<\/div>\n\t<\/div>\n<div class=\"vc_message_box vc_message_box-standard vc_message_box-rounded vc_color-grey\" ><div class=\"vc_message_box-icon\"><i class=\"fa fa-solid fa-circle-info\"><\/i><\/div><p>For more information please send an inquiry by email.<\/p>\n<\/div><\/div><\/div><\/div><\/div><div class=\"vc_row wpb_row vc_row-fluid vc_custom_1716058450278 vc_row-has-fill vc_column-gap-10 vc_row-o-equal-height vc_row-flex\"><div class=\"wpb_column vc_column_container vc_col-sm-4 vc_col-has-fill\"><div class=\"vc_column-inner vc_custom_1716059752966\"><div class=\"wpb_wrapper\"><\/div><\/div><\/div><div class=\"wpb_column vc_column_container vc_col-sm-8\"><div class=\"vc_column-inner\"><div class=\"wpb_wrapper\"><h2 style=\"text-align: left;font-family:Raleway;font-weight:400;font-style:normal\" class=\"vc_custom_heading vc_do_custom_heading\" >3 Days of driven hunting on 21 700 hectares<\/h2>\n\t<div class=\"wpb_text_column wpb_content_element\" >\n\t\t<div class=\"wpb_wrapper\">\n\t\t\t<p>Har f\u00f6r n\u00e4rvarande inga drevjakter i Polen, men \u00e4r ni en gupp och har ni ett \u00f6nskem\u00e5l s\u00e5 \u00e4r ni v\u00e4lkomna med en f\u00f6rfr\u00e5gan.<\/p>\n\n\t\t<\/div>\n\t<\/div>\n<div class=\"vc_message_box vc_message_box-standard vc_message_box-rounded vc_color-grey\" ><div class=\"vc_message_box-icon\"><i class=\"fa fa-solid fa-circle-info\"><\/i><\/div><p>For more information please send an inquiry by email.<\/p>\n<\/div><\/div><\/div><\/div><\/div><div class=\"vc_row wpb_row vc_row-fluid\"><div class=\"wpb_column vc_column_container vc_col-sm-12\"><div class=\"vc_column-inner\"><div class=\"wpb_wrapper\"><section class=\"vc_cta3-container\"><div class=\"vc_general vc_do_cta3 vc_cta3 vc_cta3-style-classic vc_cta3-shape-rounded vc_cta3-align-center vc_cta3-color-classic vc_cta3-icon-size-md vc_cta3-actions-bottom\"><div class=\"vc_cta3_content-container\"><div class=\"vc_cta3-content\"><header class=\"vc_cta3-content-header\"><h2>Book Hunting in Poland!<\/h2><\/header><p>Places go fast, we recommend that you book in time.<\/p>\n<\/div><div class=\"vc_cta3-actions\"><div class=\"vc_btn3-container vc_btn3-center\" ><a style=\"background-color:#4a3728; color:#ffffff;\" class=\"vc_general vc_btn3 vc_btn3-size-md vc_btn3-shape-rounded vc_btn3-style-custom\" href=\"https:\/\/brokamala.se\/en\/kontakta-oss\/\" title=\"Kontakt oss\">CONTACT US<\/a><\/div><\/div><\/div><\/div><\/section><\/div><\/div><\/div><\/div>\n<\/div>","protected":false},"excerpt":{"rendered":"<p>Jakt i PolenKronhjortsjakt i Polen Det \u00e4r f\u00f6renat med stor j\u00e4garm\u00e4ssig prestige att nedl\u00e4gga en kapital kronhjort. Har man en g\u00e5ng upplevt hjortarnas brunstbr\u00f6l i skogen f\u00f6rst\u00e5r man varf\u00f6r detta \u00e4r s\u00e5 sp\u00e4nnande jakt. Med en underbar natur och vildmark med ett enast\u00e5ende viltbest\u00e5nd och professionell jaktledning s\u00e5 h\u00e5ller sig Polen \u00e4r en av de&hellip;<\/p>","protected":false},"author":1,"featured_media":0,"parent":0,"menu_order":0,"comment_status":"closed","ping_status":"closed","template":"","meta":{"footnotes":""},"class_list":["post-4053","page","type-page","status-publish","hentry","description-off"],"_links":{"self":[{"href":"https:\/\/brokamala.se\/en\/wp-json\/wp\/v2\/pages\/4053","targetHints":{"allow":["GET"]}}],"collection":[{"href":"https:\/\/brokamala.se\/en\/wp-json\/wp\/v2\/pages"}],"about":[{"href":"https:\/\/brokamala.se\/en\/wp-json\/wp\/v2\/types\/page"}],"author":[{"embeddable":true,"href":"https:\/\/brokamala.se\/en\/wp-json\/wp\/v2\/users\/1"}],"replies":[{"embeddable":true,"href":"https:\/\/brokamala.se\/en\/wp-json\/wp\/v2\/comments?post=4053"}],"version-history":[{"count":11,"href":"https:\/\/brokamala.se\/en\/wp-json\/wp\/v2\/pages\/4053\/revisions"}],"predecessor-version":[{"id":5299,"href":"https:\/\/brokamala.se\/en\/wp-json\/wp\/v2\/pages\/4053\/revisions\/5299"}],"wp:attachment":[{"href":"https:\/\/brokamala.se\/en\/wp-json\/wp\/v2\/media?parent=4053"}],"curies":[{"name":"wp","href":"https:\/\/api.w.org\/{rel}","templated":true}]}}