{"id":4312,"date":"2024-05-31T22:11:57","date_gmt":"2024-05-31T21:11:57","guid":{"rendered":"https:\/\/brokamala.se\/?page_id=4312"},"modified":"2024-06-04T16:34:18","modified_gmt":"2024-06-04T15:34:18","slug":"om-oss","status":"publish","type":"page","link":"https:\/\/brokamala.se\/en\/om-oss\/","title":{"rendered":"About Us"},"content":{"rendered":"<div class=\"wpb-content-wrapper\"><div class=\"vc_row wpb_row vc_row-fluid\"><div class=\"wpb_column vc_column_container vc_col-sm-12\"><div class=\"vc_column-inner\"><div class=\"wpb_wrapper\"><div class=\"dt-fancy-separator h2-size\" style=\"width: 100%;\"><div class=\"dt-fancy-title\" style=\"color: #3e0d1a;\"><span class=\"separator-holder separator-left\" style=\"border-color: #3e0d1a;\"><\/span>About Brokam\u00e5la Farm<span class=\"separator-holder separator-right\" style=\"border-color: #3e0d1a;\"><\/span><\/div><\/div><\/div><\/div><\/div><\/div><div class=\"vc_row wpb_row vc_row-fluid vc_custom_1717165030776 vc_column-gap-20\"><div class=\"wpb_column vc_column_container vc_col-sm-8\"><div class=\"vc_column-inner\"><div class=\"wpb_wrapper\"><h2 style=\"text-align: left;font-family:Raleway;font-weight:400;font-style:normal\" class=\"vc_custom_heading vc_do_custom_heading\" >Brokamala Farm - A Place for Recreation, Fishing, Hunting and Adventure<\/h2>\n\t<div class=\"wpb_text_column wpb_content_element\" >\n\t\t<div class=\"wpb_wrapper\">\n\t\t\t<p>At Brokamala G\u00e5rd you will experience an exclusive accommodation dating back to the 17th century. This historic farm offers a unique opportunity to relax and enjoy the nature around you. Whether you are looking for a peaceful fishing experience, an exciting hunting trip or just want to explore the beautiful surroundings, Brokamala G\u00e5rd is the place for you.<\/p>\n\n\t\t<\/div>\n\t<\/div>\n<h2 style=\"text-align: left;font-family:Raleway;font-weight:400;font-style:normal\" class=\"vc_custom_heading vc_do_custom_heading\" >Long tradition and exclusive service<\/h2>\n\t<div class=\"wpb_text_column wpb_content_element\" >\n\t\t<div class=\"wpb_wrapper\">\n\t\t\t<p>The farm has a long tradition of offering its guests the best service and the most exclusive experiences. Here you can enjoy the comforts of a harmonious and relaxing environment, while getting the opportunity to experience the Swedish nature for real. Let yourself be embraced by the peace and tranquillity that characterises Brokamala G\u00e5rd - a place that will leave an indelible impression.<\/p>\n<p>Book your stay at Brokamala G\u00e5rd today and experience the charm of the southernmost Swedish wilderness in a very special way.<\/p>\n\n\t\t<\/div>\n\t<\/div>\n<\/div><\/div><\/div><div class=\"wpb_column vc_column_container vc_col-sm-4 vc_col-has-fill\"><div class=\"vc_column-inner vc_custom_1717187768007\"><div class=\"wpb_wrapper\"><h2 style=\"color: #ffffff;text-align: center;font-family:Raleway;font-weight:400;font-style:normal\" class=\"vc_custom_heading vc_do_custom_heading\" >The Great Tourism Award<\/h2><h4 style=\"color: #ffffff;text-align: center;font-family:Raleway;font-weight:400;font-style:normal\" class=\"vc_custom_heading vc_do_custom_heading\" >We were nominated for the Great Tourism Award 2016!<br \/>\nBrokam\u00e5la G\u00e5rd was one of 15 nominated tourism operators in Sweden!<\/h4><div class=\"vc_btn3-container vc_btn3-center\" ><a class=\"vc_general vc_btn3 vc_btn3-size-md vc_btn3-shape-rounded vc_btn3-style-modern vc_btn3-color-grey\" href=\"https:\/\/brokamala.se\/en\/stora-turistpriset-2016\/\" title=\"Grand Tourist Prize 2016\">READ MORE<\/a><\/div><\/div><\/div><\/div><\/div><div class=\"vc_row wpb_row vc_row-fluid vc_custom_1717189888586\"><div class=\"wpb_column vc_column_container vc_col-sm-6\"><div class=\"vc_column-inner\"><div class=\"wpb_wrapper\">\n\t<div class=\"wpb_video_widget wpb_content_element vc_clearfix   vc_video-aspect-ratio-169 vc_video-el-width-100 vc_video-align-left\" >\n\t\t<div class=\"wpb_wrapper\">\n\t\t\t\n\t\t\t<div class=\"wpb_video_wrapper\"><iframe loading=\"lazy\" title=\"Brokam\u00e5la - V\u00e4lkommen till v\u00e5r v\u00e4rld! 1080p HD\" width=\"500\" height=\"281\" src=\"https:\/\/www.youtube.com\/embed\/idMWnaqItAs?feature=oembed\" frameborder=\"0\" allow=\"accelerometer; autoplay; clipboard-write; encrypted-media; gyroscope; picture-in-picture; web-share\" referrerpolicy=\"strict-origin-when-cross-origin\" allowfullscreen><\/iframe><\/div>\n\t\t<\/div>\n\t<\/div>\n<\/div><\/div><\/div><div class=\"wpb_column vc_column_container vc_col-sm-6\"><div class=\"vc_column-inner\"><div class=\"wpb_wrapper\">\n\t<div class=\"wpb_video_widget wpb_content_element vc_clearfix   vc_video-aspect-ratio-169 vc_video-el-width-100 vc_video-align-left\" >\n\t\t<div class=\"wpb_wrapper\">\n\t\t\t\n\t\t\t<div class=\"wpb_video_wrapper\"><iframe loading=\"lazy\" title=\"Uteliv med guldkant - Brokam\u00e5la G\u00e5rd\" width=\"500\" height=\"281\" src=\"https:\/\/www.youtube.com\/embed\/0QhSzcChrzI?feature=oembed\" frameborder=\"0\" allow=\"accelerometer; autoplay; clipboard-write; encrypted-media; gyroscope; picture-in-picture; web-share\" referrerpolicy=\"strict-origin-when-cross-origin\" allowfullscreen><\/iframe><\/div>\n\t\t<\/div>\n\t<\/div>\n<\/div><\/div><\/div><\/div><div class=\"vc_row wpb_row vc_row-fluid\"><div class=\"wpb_column vc_column_container vc_col-sm-6\"><div class=\"vc_column-inner\"><div class=\"wpb_wrapper\">\n\t<div class=\"wpb_video_widget wpb_content_element vc_clearfix   vc_video-aspect-ratio-169 vc_video-el-width-100 vc_video-align-left\" >\n\t\t<div class=\"wpb_wrapper\">\n\t\t\t\n\t\t\t<div class=\"wpb_video_wrapper\"><iframe loading=\"lazy\" title=\"Brokam\u00e5la G\u00e5rd i Olofstr\u00f6m, Blekinge\" width=\"500\" height=\"281\" src=\"https:\/\/www.youtube.com\/embed\/zGaDj2k8GOs?feature=oembed\" frameborder=\"0\" allow=\"accelerometer; autoplay; clipboard-write; encrypted-media; gyroscope; picture-in-picture; web-share\" referrerpolicy=\"strict-origin-when-cross-origin\" allowfullscreen><\/iframe><\/div>\n\t\t<\/div>\n\t<\/div>\n<\/div><\/div><\/div><div class=\"wpb_column vc_column_container vc_col-sm-6\"><div class=\"vc_column-inner\"><div class=\"wpb_wrapper\">\n\t<div class=\"wpb_video_widget wpb_content_element vc_clearfix   vc_video-aspect-ratio-169 vc_video-el-width-100 vc_video-align-left\" >\n\t\t<div class=\"wpb_wrapper\">\n\t\t\t\n\t\t\t<div class=\"wpb_video_wrapper\"><iframe loading=\"lazy\" title=\"Brokam\u00e5la G\u00e5rd i v\u00e4stra Blekinge\" width=\"500\" height=\"281\" src=\"https:\/\/www.youtube.com\/embed\/plY8mnBYjko?feature=oembed\" frameborder=\"0\" allow=\"accelerometer; autoplay; clipboard-write; encrypted-media; gyroscope; picture-in-picture; web-share\" referrerpolicy=\"strict-origin-when-cross-origin\" allowfullscreen><\/iframe><\/div>\n\t\t<\/div>\n\t<\/div>\n<\/div><\/div><\/div><\/div>\n<\/div>","protected":false},"excerpt":{"rendered":"<p>Om Brokam\u00e5la G\u00e5rdBrokamala G\u00e5rd &#8211; En Plats f\u00f6r Rekreation, Fiske, Jakt och \u00c4ventyr P\u00e5 Brokamala G\u00e5rd f\u00e5r du uppleva ett exklusivt boende med anor fr\u00e5n 1700-talet. Denna historiska g\u00e5rd erbjuder en unik m\u00f6jlighet att koppla av och njuta av naturen runt omkring. Oavsett om du \u00e4r ute efter en lugn fiskeupplevelse, en sp\u00e4nnande jaktutflykt eller&hellip;<\/p>","protected":false},"author":1,"featured_media":0,"parent":0,"menu_order":0,"comment_status":"closed","ping_status":"closed","template":"","meta":{"footnotes":""},"class_list":["post-4312","page","type-page","status-publish","hentry","description-off"],"_links":{"self":[{"href":"https:\/\/brokamala.se\/en\/wp-json\/wp\/v2\/pages\/4312","targetHints":{"allow":["GET"]}}],"collection":[{"href":"https:\/\/brokamala.se\/en\/wp-json\/wp\/v2\/pages"}],"about":[{"href":"https:\/\/brokamala.se\/en\/wp-json\/wp\/v2\/types\/page"}],"author":[{"embeddable":true,"href":"https:\/\/brokamala.se\/en\/wp-json\/wp\/v2\/users\/1"}],"replies":[{"embeddable":true,"href":"https:\/\/brokamala.se\/en\/wp-json\/wp\/v2\/comments?post=4312"}],"version-history":[{"count":55,"href":"https:\/\/brokamala.se\/en\/wp-json\/wp\/v2\/pages\/4312\/revisions"}],"predecessor-version":[{"id":4405,"href":"https:\/\/brokamala.se\/en\/wp-json\/wp\/v2\/pages\/4312\/revisions\/4405"}],"wp:attachment":[{"href":"https:\/\/brokamala.se\/en\/wp-json\/wp\/v2\/media?parent=4312"}],"curies":[{"name":"wp","href":"https:\/\/api.w.org\/{rel}","templated":true}]}}