{"id":4369,"date":"2024-05-31T23:08:01","date_gmt":"2024-05-31T22:08:01","guid":{"rendered":"https:\/\/brokamala.se\/?page_id=4369"},"modified":"2024-05-31T23:08:07","modified_gmt":"2024-05-31T22:08:07","slug":"stora-turistpriset-2016","status":"publish","type":"page","link":"https:\/\/brokamala.se\/en\/stora-turistpriset-2016\/","title":{"rendered":"Grand Tourist Prize 2016"},"content":{"rendered":"<div class=\"wpb-content-wrapper\"><div class=\"vc_row wpb_row vc_row-fluid vc_custom_1717192153519\"><div class=\"wpb_column vc_column_container vc_col-sm-12\"><div class=\"vc_column-inner\"><div class=\"wpb_wrapper\"><div class=\"dt-fancy-separator h2-size\" style=\"width: 100%;\"><div class=\"dt-fancy-title\" style=\"color: #3e0d1a;\"><span class=\"separator-holder separator-left\" style=\"border-color: #3e0d1a;\"><\/span>Grand Tourist Prize and Sweden dinner at the castle<span class=\"separator-holder separator-right\" style=\"border-color: #3e0d1a;\"><\/span><\/div><\/div>\n\t<div class=\"wpb_text_column wpb_content_element\" >\n\t\t<div class=\"wpb_wrapper\">\n\t\t\t<p style=\"text-align: center;\">We are of course still extremely happy and proud to have been part of these fantastic experiences!<\/p>\n\n\t\t<\/div>\n\t<\/div>\n<\/div><\/div><\/div><\/div><div class=\"vc_row wpb_row vc_row-fluid vc_custom_1717192130456\"><div class=\"wpb_column vc_column_container vc_col-sm-12\"><div class=\"vc_column-inner\"><div class=\"wpb_wrapper\"><div class=\"vc_empty_space\"   style=\"height: 20px\"><span class=\"vc_empty_space_inner\"><\/span><\/div><div class=\"dt-fancy-separator h3-size style-double\" style=\"width: 80%;\"><div class=\"dt-fancy-title bg-on\" style=\"color: #ffffff;background-color: #3e0d1a;\"><span class=\"separator-holder separator-left\" style=\"border-color: #3e0d1a;\"><\/span>Brokam\u00e5la Farm<span class=\"separator-holder separator-right\" style=\"border-color: #3e0d1a;\"><\/span><\/div><\/div>\n\t<div class=\"wpb_text_column wpb_content_element  vc_custom_1717192761600\" >\n\t\t<div class=\"wpb_wrapper\">\n\t\t\t<h3 style=\"text-align: center;\">We were nominated for the Great Tourism Award 2016!<\/h3>\n<h3 style=\"text-align: center;\">Brokam\u00e5la Farm was one of 15 nominated tourism operators in Sweden!<\/h3>\n<p style=\"text-align: center;\">When it was time for the 23rd award ceremony, we were one of those recognized for exemplary efforts in the tourism sector.<\/p>\n<p style=\"text-align: center;\">- We are very grateful for the nomination, it's a fantastic journey we have made from a sideline to a whole concept where we have the privilege to work with the whole world.<\/p>\n<p style=\"text-align: center;\">To be one of the 15 nominees is an honour for us and the winner will be announced on 18 October.<\/p>\n<p style=\"text-align: center;\">The winner was Gotlands Museum. Congratulations<\/p>\n<p>&nbsp;<\/p>\n<h3 style=\"text-align: center;\">Sweden Dinner at the Castle 2014<\/h3>\n<div id=\"svid12_44b9de9714527ae8f1d14f34\" class=\"sv-text-portlet sv-use-margins\">\n<div class=\"sv-text-portlet-content\">\n<p class=\"normal\" style=\"color: #333333; line-height: 19.6px; font-family: 'open sans', sans-serif; font-size: 14px; font-style: normal; font-weight: 400; margin-top: 0em; margin-bottom: 0em; white-space: pre-wrap; text-align: center;\">What an amazing experience to be invited to the Sweden Dinner, at the Royal Palace of Stockholm. Through the Sweden Dinner, the Royal Family wants to recognise people who have made significant contributions locally, regionally or nationally.<\/p>\n<\/div>\n<\/div>\n<div class=\"gap\" style=\"line-height: 10px; height: 10px;\"><\/div>\n<div id=\"svid12_44b9de9714527ae8f1d14f35\" class=\"sv-text-portlet sv-use-margins\">\n<div id=\"Innehall-0\"><\/div>\n<div class=\"sv-text-portlet-content\">\n<p class=\"normal\" style=\"color: #333333; line-height: 19.6px; font-family: 'open sans', sans-serif; font-size: 14px; font-style: normal; font-weight: 400; margin-top: 0em; margin-bottom: 0em; white-space: pre-wrap; text-align: center;\">The invited guests included representatives from culture, business, education, sport and associations from Sweden's 21 counties. The guests were welcomed by The King and Queen, The Crown Princess Couple and Prince Carl Philip in Lovisa Ulrika's dining room. Dinner was served in the White Sea room.<\/p>\n<\/div>\n<\/div>\n\n\t\t<\/div>\n\t<\/div>\n<\/div><\/div><\/div><\/div><!-- Row Backgrounds --><div class=\"upb_color\" data-bg-override=\"0\" data-bg-color=\"#b7aa96\" data-fadeout=\"\" data-fadeout-percentage=\"30\" data-parallax-content=\"\" data-parallax-content-sense=\"30\" data-row-effect-mobile-disable=\"true\" data-img-parallax-mobile-disable=\"true\" data-rtl=\"false\"  data-custom-vc-row=\"\"  data-vc=\"8.7.2\"  data-is_old_vc=\"\"  data-theme-support=\"\"   data-overlay=\"false\" data-overlay-color=\"\" data-overlay-pattern=\"\" data-overlay-pattern-opacity=\"\" data-overlay-pattern-size=\"\"    ><\/div><div class=\"vc_row wpb_row vc_row-fluid\"><div class=\"wpb_column vc_column_container vc_col-sm-12\"><div class=\"vc_column-inner\"><div class=\"wpb_wrapper\"><div class=\"vc_empty_space\"   style=\"height: 62px\"><span class=\"vc_empty_space_inner\"><\/span><\/div><\/div><\/div><\/div><\/div><div class=\"vc_row wpb_row vc_row-fluid vc_custom_1713554869143\"><div class=\"wpb_column vc_column_container vc_col-sm-12\"><div class=\"vc_column-inner\"><div class=\"wpb_wrapper\"><div class=\"ult-spacer spacer-69f9b7b745e5b\" data-id=\"69f9b7b745e5b\" data-height=\"0\" data-height-mobile=\"0\" data-height-tab=\"0\" data-height-tab-portrait=\"\" data-height-mobile-landscape=\"\" style=\"clear:both;display:block;\"><\/div><div class=\"dt-fancy-separator h3-size style-double\" style=\"width: 80%;\"><div class=\"dt-fancy-title\" style=\"color: #3e0d1a;\"><span class=\"separator-holder separator-left\"><\/span>BUSINESS IN HEART OF THE WILDENESS<span class=\"separator-holder separator-right\"><\/span><\/div><\/div>\n\t<div class=\"wpb_text_column wpb_content_element\" >\n\t\t<div class=\"wpb_wrapper\">\n\t\t\t<p style=\"text-align: center;\">Brokam\u00e5la Farm is located among forests and lakes in western Blekinge. A relaxing oasis in the middle of the forest.<\/p>\n\n\t\t<\/div>\n\t<\/div>\n<\/div><\/div><\/div><\/div>\n<\/div>","protected":false},"excerpt":{"rendered":"<p>Stora turistpriset och Sverigemiddag p\u00e5 slottet Vi \u00e4r naturligtvis fortfarande oerh\u00f6rt glada och stolta \u00f6ver av att ha f\u00e5tt vara med p\u00e5 dessa fantastiska upplevelser! Brokam\u00e5la G\u00e5rd Vi var nominerade till Stora Turistpriset 2016! Brokam\u00e5la G\u00e5rd var en av\u00a015 nominerade turistakt\u00f6rer i Sverige! N\u00e4r det var dags f\u00f6r den 23:e utdelning av priset blev vi&hellip;<\/p>","protected":false},"author":1,"featured_media":0,"parent":0,"menu_order":0,"comment_status":"closed","ping_status":"closed","template":"","meta":{"footnotes":""},"class_list":["post-4369","page","type-page","status-publish","hentry","description-off"],"_links":{"self":[{"href":"https:\/\/brokamala.se\/en\/wp-json\/wp\/v2\/pages\/4369","targetHints":{"allow":["GET"]}}],"collection":[{"href":"https:\/\/brokamala.se\/en\/wp-json\/wp\/v2\/pages"}],"about":[{"href":"https:\/\/brokamala.se\/en\/wp-json\/wp\/v2\/types\/page"}],"author":[{"embeddable":true,"href":"https:\/\/brokamala.se\/en\/wp-json\/wp\/v2\/users\/1"}],"replies":[{"embeddable":true,"href":"https:\/\/brokamala.se\/en\/wp-json\/wp\/v2\/comments?post=4369"}],"version-history":[{"count":10,"href":"https:\/\/brokamala.se\/en\/wp-json\/wp\/v2\/pages\/4369\/revisions"}],"predecessor-version":[{"id":4408,"href":"https:\/\/brokamala.se\/en\/wp-json\/wp\/v2\/pages\/4369\/revisions\/4408"}],"wp:attachment":[{"href":"https:\/\/brokamala.se\/en\/wp-json\/wp\/v2\/media?parent=4369"}],"curies":[{"name":"wp","href":"https:\/\/api.w.org\/{rel}","templated":true}]}}