{"id":450,"date":"2015-03-28T17:26:04","date_gmt":"2015-03-28T16:26:04","guid":{"rendered":"http:\/\/brokamala.se.loopiadns.com\/?page_id=450"},"modified":"2025-02-08T15:56:49","modified_gmt":"2025-02-08T14:56:49","slug":"konferens-aktiviteter","status":"publish","type":"page","link":"https:\/\/brokamala.se\/en\/konferens-aktiviteter\/","title":{"rendered":"Konferens \/Aktiviteter"},"content":{"rendered":"<div class=\"wpb-content-wrapper\"><div class=\"vc_row wpb_row vc_row-fluid\"><div class=\"wpb_column vc_column_container vc_col-sm-8\"><div class=\"vc_column-inner\"><div class=\"wpb_wrapper\">\n\t<div class=\"wpb_text_column wpb_content_element\" >\n\t\t<div class=\"wpb_wrapper\">\n\t\t\t<h2>Conference in the heart of the wilderness<\/h2>\n<h4>In the western part of Blekinge, a unique and natural meeting place is offered for your conference or kick off. Here you can draw a lot of energy and inspiration from nature. Conferencing by simple means with the forest or lake in view can be a great way to get closer to each other. Nature brings out the natural in us.<\/h4>\n<h4>Nature creates space for new impressions and opportunities for community, natural activities, curiosity and the joy of discovery. There is great value in breaking patterns and meeting in new environments.<\/h4>\n<blockquote><p>\nDuring your stay here at Brokam\u00e5la Farm, you also have the opportunity to combine your conference with various enjoyable activities.\n<\/p><\/blockquote>\n<div class=\"gap\" style=\"line-height: 30px; height: 30px;\"><\/div>\n<h2>Activities<\/h2>\n<h3>Teambuilding &amp; company activities<\/h3>\n<p>Teambuilding, missions, adventures and point hunts can be tailored to your specific needs. Do something fun together.<\/p>\n<p>We offer activities such as:<br \/>\n<ul class=\"standard-arrow list-divider\"><li><p>Clay pigeon shooting<\/p>\n<\/li><li><p>Wood-fired sauna &amp; hot tub<\/p>\n<\/li><li><p>Adventure course including axe throwing and archery<\/p>\n<\/li><li><p>Drink tastings<\/p>\n<\/li><\/ul><\/p>\n<p>Read more about the different activities in the menu.<\/p>\n\n\t\t<\/div>\n\t<\/div>\n<\/div><\/div><\/div><div class=\"wpb_column vc_column_container vc_col-sm-4\"><div class=\"vc_column-inner\"><div class=\"wpb_wrapper\">\n\t<div  class=\"wpb_single_image wpb_content_element vc_align_left\">\n\t\t\n\t\t<figure class=\"wpb_wrapper vc_figure\">\n\t\t\t<div class=\"vc_single_image-wrapper   vc_box_border_grey\"><img loading=\"lazy\" decoding=\"async\" width=\"1000\" height=\"1333\" src=\"https:\/\/media.brokamala.se\/media\/2024\/04\/galleri-timmerstugan-08.jpg\" class=\"vc_single_image-img attachment-full\" alt=\"\" title=\"\" srcset=\"https:\/\/media.brokamala.se\/media\/2024\/04\/galleri-timmerstugan-08.jpg 1000w, https:\/\/media.brokamala.se\/media\/2024\/04\/galleri-timmerstugan-08-225x300.jpg 225w, https:\/\/media.brokamala.se\/media\/2024\/04\/galleri-timmerstugan-08-768x1024.jpg 768w, https:\/\/media.brokamala.se\/media\/2024\/04\/galleri-timmerstugan-08-9x12.jpg 9w\" sizes=\"auto, (max-width: 1000px) 100vw, 1000px\"  data-dt-location=\"https:\/\/brokamala.se\/en\/jakt-fiske\/timmerstugan\/galleri-timmerstugan-08\/\" \/><\/div>\n\t\t<\/figure>\n\t<\/div>\n<\/div><\/div><\/div><\/div>\n<\/div>","protected":false},"excerpt":{"rendered":"<p>Konferens i Vildmarkens hj\u00e4rta I den v\u00e4stra delen av Blekinge, erbjuds en unik och naturlig m\u00f6tesplatsen f\u00f6r er konferens eller kick off. H\u00e4r g\u00e5r att h\u00e4mta mycket energi och inspiration ifr\u00e5n naturen. Att konferera med enkla medel med skogen eller sj\u00f6n i blickf\u00e5nget kan vara ett utm\u00e4rkt s\u00e4tt att komma n\u00e4rmare varandra. Naturen lockar fram&hellip;<\/p>","protected":false},"author":1,"featured_media":0,"parent":0,"menu_order":0,"comment_status":"closed","ping_status":"closed","template":"","meta":{"footnotes":""},"class_list":["post-450","page","type-page","status-publish","hentry","description-off"],"_links":{"self":[{"href":"https:\/\/brokamala.se\/en\/wp-json\/wp\/v2\/pages\/450","targetHints":{"allow":["GET"]}}],"collection":[{"href":"https:\/\/brokamala.se\/en\/wp-json\/wp\/v2\/pages"}],"about":[{"href":"https:\/\/brokamala.se\/en\/wp-json\/wp\/v2\/types\/page"}],"author":[{"embeddable":true,"href":"https:\/\/brokamala.se\/en\/wp-json\/wp\/v2\/users\/1"}],"replies":[{"embeddable":true,"href":"https:\/\/brokamala.se\/en\/wp-json\/wp\/v2\/comments?post=450"}],"version-history":[{"count":21,"href":"https:\/\/brokamala.se\/en\/wp-json\/wp\/v2\/pages\/450\/revisions"}],"predecessor-version":[{"id":4737,"href":"https:\/\/brokamala.se\/en\/wp-json\/wp\/v2\/pages\/450\/revisions\/4737"}],"wp:attachment":[{"href":"https:\/\/brokamala.se\/en\/wp-json\/wp\/v2\/media?parent=450"}],"curies":[{"name":"wp","href":"https:\/\/api.w.org\/{rel}","templated":true}]}}