{"id":4705,"date":"2025-01-21T13:30:08","date_gmt":"2025-01-21T12:30:08","guid":{"rendered":"https:\/\/brokamala.se\/?page_id=4705"},"modified":"2025-01-22T07:25:21","modified_gmt":"2025-01-22T06:25:21","slug":"viltvard","status":"publish","type":"page","link":"https:\/\/brokamala.se\/en\/viltvard\/","title":{"rendered":"Wildlife management"},"content":{"rendered":"<div class=\"wpb-content-wrapper\"><div class=\"vc_row wpb_row vc_row-fluid\"><div class=\"wpb_column vc_column_container vc_col-sm-12\"><div class=\"vc_column-inner\"><div class=\"wpb_wrapper\">\n\t<div class=\"wpb_text_column wpb_content_element\" >\n\t\t<div class=\"wpb_wrapper\">\n\t\t\t<p>If you are in need of help with new hunting towers, feed spreaders and other wildlife management measures that help animals (wildlife) to thrive: e.g. feeding, protection hunting and predator control.<\/p>\n<p>Wildlife management measures aim to produce game and are often a prerequisite for hunting, while maintaining and ideally increasing the size and productivity of game populations. Wildlife management, in particular habitat improvement.<\/p>\n<p>In some areas, wildlife may be totally or partially dependent on feeding for survival.<\/p>\n<p>Feeding can also take the form of sowing a game field. In a wildlife field, for example, Jerusalem artichoke, charcoal, wheat or oats can be planted and not harvested but left as food for wildlife.<\/p>\n<p>Feeding also involves placing salt or mineral stones.<\/p>\n\n\t\t<\/div>\n\t<\/div>\n<\/div><\/div><\/div><\/div><div class=\"vc_row wpb_row vc_row-fluid\"><div class=\"wpb_column vc_column_container vc_col-sm-12\"><div class=\"vc_column-inner\"><div class=\"wpb_wrapper\">\n<div class=\"vc_grid-container-wrapper vc_clearfix vc_grid-animation-fadeIn\">\n\t<div class=\"vc_grid-container vc_clearfix wpb_content_element vc_media_grid\" data-initial-loading-animation=\"fadeIn\" data-vc-grid-settings=\"{&quot;page_id&quot;:4705,&quot;style&quot;:&quot;all&quot;,&quot;action&quot;:&quot;vc_get_vc_grid_data&quot;,&quot;shortcode_id&quot;:&quot;1737526852330-9682a317-5318-2&quot;,&quot;tag&quot;:&quot;vc_media_grid&quot;}\" data-vc-request=\"https:\/\/brokamala.se\/wp-admin\/admin-ajax.php\" data-vc-post-id=\"4705\" data-vc-public-nonce=\"3a51d811fd\">\n\t\t\n\t<\/div>\n<\/div><\/div><\/div><\/div><\/div>\n<\/div>","protected":false},"excerpt":{"rendered":"<p>\u00c4r ni i behov av hj\u00e4lp med nya jakttorn, foderspridare diverse Viltv\u00e5rds\u00e5tg\u00e4rder som hj\u00e4lper djur (vilt) att f\u00e5 det b\u00e4ttre: exempelvis utfodring,, skyddsjakt och predatorkontroll. Viltv\u00e5rds\u00e5tg\u00e4rder syftar till att producera vilt och \u00e4r ofta en f\u00f6ruts\u00e4ttning f\u00f6r att kunna bedriva jakt, samtidigt som de bevarar och helst \u00f6kar viltstammarnas storlek och produktivitet. Viltv\u00e5rd, framf\u00f6r allt&hellip;<\/p>","protected":false},"author":1,"featured_media":0,"parent":0,"menu_order":0,"comment_status":"closed","ping_status":"closed","template":"","meta":{"footnotes":""},"class_list":["post-4705","page","type-page","status-publish","hentry","description-off"],"_links":{"self":[{"href":"https:\/\/brokamala.se\/en\/wp-json\/wp\/v2\/pages\/4705","targetHints":{"allow":["GET"]}}],"collection":[{"href":"https:\/\/brokamala.se\/en\/wp-json\/wp\/v2\/pages"}],"about":[{"href":"https:\/\/brokamala.se\/en\/wp-json\/wp\/v2\/types\/page"}],"author":[{"embeddable":true,"href":"https:\/\/brokamala.se\/en\/wp-json\/wp\/v2\/users\/1"}],"replies":[{"embeddable":true,"href":"https:\/\/brokamala.se\/en\/wp-json\/wp\/v2\/comments?post=4705"}],"version-history":[{"count":4,"href":"https:\/\/brokamala.se\/en\/wp-json\/wp\/v2\/pages\/4705\/revisions"}],"predecessor-version":[{"id":4724,"href":"https:\/\/brokamala.se\/en\/wp-json\/wp\/v2\/pages\/4705\/revisions\/4724"}],"wp:attachment":[{"href":"https:\/\/brokamala.se\/en\/wp-json\/wp\/v2\/media?parent=4705"}],"curies":[{"name":"wp","href":"https:\/\/api.w.org\/{rel}","templated":true}]}}