{"id":4709,"date":"2025-01-21T13:56:15","date_gmt":"2025-01-21T12:56:15","guid":{"rendered":"https:\/\/brokamala.se\/?page_id=4709"},"modified":"2025-01-22T20:24:05","modified_gmt":"2025-01-22T19:24:05","slug":"bygg-underhall","status":"publish","type":"page","link":"https:\/\/brokamala.se\/en\/bygg-underhall\/","title":{"rendered":"Bygg \/ Underh\u00e5ll"},"content":{"rendered":"<div class=\"wpb-content-wrapper\"><div class=\"vc_row wpb_row vc_row-fluid vc_custom_1737464749155\"><div class=\"wpb_column vc_column_container vc_col-sm-12\"><div class=\"vc_column-inner\"><div class=\"wpb_wrapper\"><div class=\"dt-fancy-separator h2-size\" style=\"width: 100%;\"><div class=\"dt-fancy-title\" style=\"color: #3e0d1a;\"><span class=\"separator-holder separator-left\" style=\"border-color: #3e0d1a;\"><\/span>Holistic concept for Farm and Forest<span class=\"separator-holder separator-right\" style=\"border-color: #3e0d1a;\"><\/span><\/div><\/div><\/div><\/div><\/div><\/div><div class=\"vc_row wpb_row vc_row-fluid\"><div class=\"wpb_column vc_column_container vc_col-sm-8\"><div class=\"vc_column-inner\"><div class=\"wpb_wrapper\"><div id=\"ultimate-heading-69146a01da75afd29\" class=\"uvc-heading ult-adjust-bottom-margin ultimate-heading-69146a01da75afd29 uvc-4086  uvc-heading-default-font-sizes\" data-hspacer=\"no_spacer\"  data-halign=\"left\" style=\"text-align:left\"><div class=\"uvc-heading-spacer no_spacer\" style=\"top\"><\/div><div class=\"uvc-main-heading ult-responsive\"  data-ultimate-target='.uvc-heading.ultimate-heading-69146a01da75afd29 h2'  data-responsive-json-new='{\"font-size\":\"\",\"line-height\":\"\"}' ><h2 style=\"--font-weight:theme;margin-bottom:10px;\">Construction and maintenance<\/h2><\/div><\/div>\n\t<div class=\"wpb_text_column wpb_content_element\" >\n\t\t<div class=\"wpb_wrapper\">\n\t\t\t<p>Management is a holistic concept for the property where you get help with building maintenance and forest management. In consultation, we take care of your buildings and forest and help you develop different values on your forest property.<\/p>\n<p>We are a family business that cooperates with several companies that perform all types of construction services: new buildings, conversions, renovations and extensions. We have all professional groups available and help individuals and companies in Sk\u00e5ne Blekinge and the surrounding area.<\/p>\n\n\t\t<\/div>\n\t<\/div>\n<\/div><\/div><\/div><div class=\"wpb_column vc_column_container vc_col-sm-4\"><div class=\"vc_column-inner\"><div class=\"wpb_wrapper\">\n\t<div  class=\"wpb_single_image wpb_content_element vc_align_left\">\n\t\t\n\t\t<figure class=\"wpb_wrapper vc_figure\">\n\t\t\t<div class=\"vc_single_image-wrapper   vc_box_border_grey\"><\/div>\n\t\t<\/figure>\n\t<\/div>\n<\/div><\/div><\/div><\/div>\n<\/div>","protected":false},"excerpt":{"rendered":"<p>Helhetskoncept f\u00f6r G\u00e5rden och SkogenBygg och underh\u00e5ll F\u00f6rvaltning \u00e4r ett helhetskoncept f\u00f6r fastigheten d\u00e4r ni f\u00e5r hj\u00e4lp med underh\u00e5ll av byggnader och skogssk\u00f6tsel. I samr\u00e5d tar vi hand om era byggnader och skog och hj\u00e4lper er utveckla olika v\u00e4rden p\u00e5 din skogsfastighet. Vi \u00e4r ett familjef\u00f6retag som samarbetar med flera f\u00f6retag som utf\u00f6r alla f\u00f6rekommande&hellip;<\/p>","protected":false},"author":1,"featured_media":0,"parent":0,"menu_order":0,"comment_status":"closed","ping_status":"closed","template":"","meta":{"footnotes":""},"class_list":["post-4709","page","type-page","status-publish","hentry","description-off"],"_links":{"self":[{"href":"https:\/\/brokamala.se\/en\/wp-json\/wp\/v2\/pages\/4709","targetHints":{"allow":["GET"]}}],"collection":[{"href":"https:\/\/brokamala.se\/en\/wp-json\/wp\/v2\/pages"}],"about":[{"href":"https:\/\/brokamala.se\/en\/wp-json\/wp\/v2\/types\/page"}],"author":[{"embeddable":true,"href":"https:\/\/brokamala.se\/en\/wp-json\/wp\/v2\/users\/1"}],"replies":[{"embeddable":true,"href":"https:\/\/brokamala.se\/en\/wp-json\/wp\/v2\/comments?post=4709"}],"version-history":[{"count":7,"href":"https:\/\/brokamala.se\/en\/wp-json\/wp\/v2\/pages\/4709\/revisions"}],"predecessor-version":[{"id":4727,"href":"https:\/\/brokamala.se\/en\/wp-json\/wp\/v2\/pages\/4709\/revisions\/4727"}],"wp:attachment":[{"href":"https:\/\/brokamala.se\/en\/wp-json\/wp\/v2\/media?parent=4709"}],"curies":[{"name":"wp","href":"https:\/\/api.w.org\/{rel}","templated":true}]}}