{"id":4760,"date":"2025-06-02T18:42:57","date_gmt":"2025-06-02T17:42:57","guid":{"rendered":"https:\/\/brokamala.se\/?page_id=4760"},"modified":"2026-01-15T08:04:34","modified_gmt":"2026-01-15T07:04:34","slug":"simulerad-jakt","status":"publish","type":"page","link":"https:\/\/brokamala.se\/en\/simulerad-jakt\/","title":{"rendered":"Simulerad F\u00e5geljakt"},"content":{"rendered":"<div class=\"wpb-content-wrapper\"><div class=\"vc_row wpb_row vc_row-fluid vc_custom_1737464749155\"><div class=\"wpb_column vc_column_container vc_col-sm-12\"><div class=\"vc_column-inner\"><div class=\"wpb_wrapper\"><div class=\"dt-fancy-separator h1-size\" style=\"width: 100%;\"><div class=\"dt-fancy-title\" style=\"color: #3e0d1a;\"><span class=\"separator-holder separator-left\" style=\"border-color: #3e0d1a;\"><\/span>Simulerad Jakt<span class=\"separator-holder separator-right\" style=\"border-color: #3e0d1a;\"><\/span><\/div><\/div><\/div><\/div><\/div><\/div><div class=\"vc_row wpb_row vc_row-fluid\"><div class=\"wpb_column vc_column_container vc_col-sm-8\"><div class=\"vc_column-inner\"><div class=\"wpb_wrapper\"><div id=\"ultimate-heading-33706a01da6c3db97\" class=\"uvc-heading ult-adjust-bottom-margin ultimate-heading-33706a01da6c3db97 uvc-7536  uvc-heading-default-font-sizes\" data-hspacer=\"no_spacer\"  data-halign=\"left\" style=\"text-align:left\"><div class=\"uvc-heading-spacer no_spacer\" style=\"top\"><\/div><div class=\"uvc-main-heading ult-responsive\"  data-ultimate-target='.uvc-heading.ultimate-heading-33706a01da6c3db97 h2'  data-responsive-json-new='{\"font-size\":\"\",\"line-height\":\"\"}' ><h2 style=\"--font-weight:theme;margin-bottom:10px;\">N\u00e4rmare riktig f\u00e5geljakt kommer du inte<\/h2><\/div><\/div>\n\t<div class=\"wpb_text_column wpb_content_element\" >\n\t\t<div class=\"wpb_wrapper\">\n\t\t\t<p>V\u00c4LKOMMEN TILL DEN ULTIMATA SIMULERADE J\u00c4LTSKYTTEUPPLEVELSEN!<\/p>\n<p style=\"text-align: center;\">Game of Clays<\/p>\n<p>Planerade dagar 17\/4 &#8211; 24\/4 &#8211; 6\/5 -10\/5- 22\/5-19\/6 -2026<\/p>\n<p>S\u00f6ker du en sp\u00e4nnande och kr\u00e4vande dagsutflykt?<\/p>\n<p>I b\u00f6ljande kuperad terr\u00e4ng p\u00e5 Brokam\u00e5la G\u00e5rd kommer lerduvorna skickas susande \u00f6ver skyttelinjen, n\u00e4rmare riktig jakt kommer du inte! Simulerad f\u00e5geljakt \u00e4r det absolut b\u00e4sta s\u00e4ttet att tr\u00e4na inf\u00f6r kommande f\u00e5geljakter. V\u00e5rt m\u00e5l \u00e4r att skapa en s\u00e5 verklighetstrogen dag som m\u00f6jligt, allt f\u00f6r att det ska k\u00e4nnas som en riktig f\u00e5geljakt.<\/p>\n<p>Alla drev \u00e4r anpassade f\u00f6r 12 skyttar, 6 peggar som vi delar p\u00e5 tv\u00e5 och tv\u00e5.<\/p>\n<p>Vi startar dagen med frukostfralla och kaffe eller te. D\u00e4refter g\u00e5r vi noga igenom dagen med fokus p\u00e5 s\u00e4kerheten, allt f\u00f6r att alla ska k\u00e4nna sig bekv\u00e4ma och trygga.<\/p>\n<p>Efter en kort transport med bil och vagn s\u00e5 skjuter vi dagens tv\u00e5 f\u00f6rsta drev. I alla drev \u00e4r vi noga med att skyttarna byter plats med varandra flertalet g\u00e5nger, allt f\u00f6r att alla ska k\u00e4nna sig inkluderade och f\u00e5 skjuta ungef\u00e4r lika mycket.<\/p>\n<p>Efter\u00e5t \u00e5terv\u00e4nder vi till G\u00e5rden och \u00e4ter en v\u00e4lf\u00f6rtj\u00e4nt lunch.<\/p>\n<p>V\u00e5ra simulerade viltskyttedag ger ett of\u00f6rgl\u00f6mligt \u00e4ventyr som utmanar dina f\u00e4rdigheter och levererar en autentisk skytteupplevelse. Upplev adrenalinkicken n\u00e4r du tar dig an olika simulerade viltm\u00e5l, inklusive h\u00f6ga fasaner och drivna rapph\u00f6ns.<\/p>\n<p>VEM KAN NJUTA AV V\u00c5RA SIMULERADE J\u00c4TTDAGAR?<\/p>\n<p>V\u00e5ra simulerade jaktdagar riktar sig till erfarna skyttar, vilket g\u00f6r dem idealiska f\u00f6r grupper av v\u00e4nner som vill finslipa sina f\u00e4rdigheter inf\u00f6r s\u00e4songen, nyb\u00f6rjare inom jakt, f\u00f6retagsevenemang och teambuilding. Det \u00e4r en chans att testa dina skyttef\u00e4rdigheter och njuta av en dag fylld med sp\u00e4nning och kamratskap.<\/p>\n<p>Kontakta oss g\u00e4rna f\u00f6r att diskutera din egen dag och hur vi kan skr\u00e4ddarsy ett paket som passar dina behov b\u00e5de vad g\u00e4ller budget, kostbehov och hur vi kan g\u00f6ra din dag speciell.<\/p>\n<p>Prisexempel p\u00e5 300 skott per person vid 12 deltagare.<br \/>\ninkluderar patroner, ca 4000 lerduvor, transporter p\u00e5 g\u00e5rden och m\u00e5ltider.<\/p>\n<p>Pris fr\u00e5n 4850:- pp, moms tillkommer<\/p>\n\n\t\t<\/div>\n\t<\/div>\n<\/div><\/div><\/div><div class=\"wpb_column vc_column_container vc_col-sm-4\"><div class=\"vc_column-inner\"><div class=\"wpb_wrapper\">\n\t<div  class=\"wpb_single_image wpb_content_element vc_align_left\">\n\t\t\n\t\t<figure class=\"wpb_wrapper vc_figure\">\n\t\t\t<div class=\"vc_single_image-wrapper   vc_box_border_grey\"><img loading=\"lazy\" decoding=\"async\" width=\"1000\" height=\"1333\" src=\"https:\/\/media.brokamala.se\/media\/2025\/06\/IMG-20250601-WA0006.jpg\" class=\"vc_single_image-img attachment-full\" alt=\"\" title=\"\" srcset=\"https:\/\/media.brokamala.se\/media\/2025\/06\/IMG-20250601-WA0006.jpg 1000w, https:\/\/media.brokamala.se\/media\/2025\/06\/IMG-20250601-WA0006-225x300.jpg 225w, https:\/\/media.brokamala.se\/media\/2025\/06\/IMG-20250601-WA0006-768x1024.jpg 768w, https:\/\/media.brokamala.se\/media\/2025\/06\/IMG-20250601-WA0006-9x12.jpg 9w\" sizes=\"auto, (max-width: 1000px) 100vw, 1000px\"  data-dt-location=\"https:\/\/brokamala.se\/en\/simulerad-jakt\/img-20250601-wa0006\/\" \/><\/div>\n\t\t<\/figure>\n\t<\/div>\n<\/div><\/div><\/div><\/div><div class=\"vc_row wpb_row vc_row-fluid vc_custom_1748886125102\"><div class=\"wpb_column vc_column_container vc_col-sm-12\"><div class=\"vc_column-inner\"><div class=\"wpb_wrapper\">\n<div class=\"vc_grid-container-wrapper vc_clearfix vc_grid-animation-fadeIn\">\n\t<div class=\"vc_grid-container vc_clearfix wpb_content_element vc_media_grid\" data-initial-loading-animation=\"fadeIn\" data-vc-grid-settings=\"{&quot;page_id&quot;:4760,&quot;style&quot;:&quot;all&quot;,&quot;action&quot;:&quot;vc_get_vc_grid_data&quot;,&quot;shortcode_id&quot;:&quot;1768460421574-98c11b6c-1f96-1&quot;,&quot;tag&quot;:&quot;vc_media_grid&quot;}\" data-vc-request=\"https:\/\/brokamala.se\/wp-admin\/admin-ajax.php\" data-vc-post-id=\"4760\" data-vc-public-nonce=\"f87bd7e6a7\">\n\t\t\n\t<\/div>\n<\/div><\/div><\/div><\/div><\/div>\n<\/div>","protected":false},"excerpt":{"rendered":"<p>Simulerad JaktN\u00e4rmare riktig f\u00e5geljakt kommer du inte V\u00c4LKOMMEN TILL DEN ULTIMATA SIMULERADE J\u00c4LTSKYTTEUPPLEVELSEN! Game of Clays Planerade dagar 17\/4 &#8211; 24\/4 &#8211; 6\/5 -10\/5- 22\/5-19\/6 -2026 S\u00f6ker du en sp\u00e4nnande och kr\u00e4vande dagsutflykt? I b\u00f6ljande kuperad terr\u00e4ng p\u00e5 Brokam\u00e5la G\u00e5rd kommer lerduvorna skickas susande \u00f6ver skyttelinjen, n\u00e4rmare riktig jakt kommer du inte! Simulerad f\u00e5geljakt \u00e4r&hellip;<\/p>","protected":false},"author":1,"featured_media":0,"parent":0,"menu_order":0,"comment_status":"closed","ping_status":"closed","template":"","meta":{"footnotes":""},"class_list":["post-4760","page","type-page","status-publish","hentry","description-off"],"_links":{"self":[{"href":"https:\/\/brokamala.se\/en\/wp-json\/wp\/v2\/pages\/4760","targetHints":{"allow":["GET"]}}],"collection":[{"href":"https:\/\/brokamala.se\/en\/wp-json\/wp\/v2\/pages"}],"about":[{"href":"https:\/\/brokamala.se\/en\/wp-json\/wp\/v2\/types\/page"}],"author":[{"embeddable":true,"href":"https:\/\/brokamala.se\/en\/wp-json\/wp\/v2\/users\/1"}],"replies":[{"embeddable":true,"href":"https:\/\/brokamala.se\/en\/wp-json\/wp\/v2\/comments?post=4760"}],"version-history":[{"count":27,"href":"https:\/\/brokamala.se\/en\/wp-json\/wp\/v2\/pages\/4760\/revisions"}],"predecessor-version":[{"id":5058,"href":"https:\/\/brokamala.se\/en\/wp-json\/wp\/v2\/pages\/4760\/revisions\/5058"}],"wp:attachment":[{"href":"https:\/\/brokamala.se\/en\/wp-json\/wp\/v2\/media?parent=4760"}],"curies":[{"name":"wp","href":"https:\/\/api.w.org\/{rel}","templated":true}]}}