{"id":5218,"date":"2026-03-01T15:46:29","date_gmt":"2026-03-01T14:46:29","guid":{"rendered":"https:\/\/brokamala.se\/?page_id=5218"},"modified":"2026-03-01T15:46:57","modified_gmt":"2026-03-01T14:46:57","slug":"jakt-i-tjeckien","status":"publish","type":"page","link":"https:\/\/brokamala.se\/en\/jakt-i-tjeckien\/","title":{"rendered":"Jakt i Tjeckien"},"content":{"rendered":"<div class=\"wpb-content-wrapper\"><div class=\"vc_row wpb_row vc_row-fluid\"><div class=\"wpb_column vc_column_container vc_col-sm-12\"><div class=\"vc_column-inner\"><div class=\"wpb_wrapper\"><div class=\"dt-fancy-separator h2-size\" style=\"width: 100%;\"><div class=\"dt-fancy-title\" style=\"color: #3e0d1a;\"><span class=\"separator-holder separator-left\" style=\"border-color: #3e0d1a;\"><\/span>Jakt Tjeckien<span class=\"separator-holder separator-right\" style=\"border-color: #3e0d1a;\"><\/span><\/div><\/div><\/div><\/div><\/div><\/div><div class=\"vc_row wpb_row vc_row-fluid vc_custom_1716061619282 vc_row-has-fill vc_column-gap-10 vc_row-o-equal-height vc_row-flex\"><div class=\"wpb_column vc_column_container vc_col-sm-4 vc_col-has-fill\"><div class=\"vc_column-inner vc_custom_1716198002647\"><div class=\"wpb_wrapper\"><\/div><\/div><\/div><div class=\"wpb_column vc_column_container vc_col-sm-8\"><div class=\"vc_column-inner\"><div class=\"wpb_wrapper\"><h2 style=\"text-align: left;font-family:Raleway;font-weight:400;font-style:normal\" class=\"vc_custom_heading vc_do_custom_heading\" >Jakt i Tjeckien<\/h2>\n\t<div class=\"wpb_text_column wpb_content_element\" >\n\t\t<div class=\"wpb_wrapper\">\n\t\t\t<p>Information om jakt i Tjeckien kommer senare.<\/p>\n\n\t\t<\/div>\n\t<\/div>\n<div class=\"vc_message_box vc_message_box-standard vc_message_box-rounded vc_color-grey\" ><div class=\"vc_message_box-icon\"><i class=\"fa fa-solid fa-circle-info\"><\/i><\/div><p>CONTACT US WITH INQUIRIES AND POSSIBLE BOOKING!<\/p>\n<\/div><\/div><\/div><\/div><\/div><div class=\"vc_row wpb_row vc_row-fluid\"><div class=\"wpb_column vc_column_container vc_col-sm-12\"><div class=\"vc_column-inner\"><div class=\"wpb_wrapper\"><section class=\"vc_cta3-container\"><div class=\"vc_general vc_do_cta3 vc_cta3 vc_cta3-style-classic vc_cta3-shape-rounded vc_cta3-align-center vc_cta3-color-classic vc_cta3-icon-size-md vc_cta3-actions-bottom\"><div class=\"vc_cta3_content-container\"><div class=\"vc_cta3-content\"><header class=\"vc_cta3-content-header\"><h2>Boka Jakt i Tjeckien!<\/h2><\/header><p>Places go fast, we recommend that you book in time.<\/p>\n<\/div><div class=\"vc_cta3-actions\"><div class=\"vc_btn3-container vc_btn3-center\" ><a style=\"background-color:#4a3728; color:#ffffff;\" class=\"vc_general vc_btn3 vc_btn3-size-md vc_btn3-shape-rounded vc_btn3-style-custom\" href=\"https:\/\/brokamala.se\/en\/kontakta-oss\/\" title=\"Kontakt oss\">CONTACT US<\/a><\/div><\/div><\/div><\/div><\/section><\/div><\/div><\/div><\/div>\n<\/div>","protected":false},"excerpt":{"rendered":"<p>Jakt TjeckienJakt i Tjeckien Information om jakt i Tjeckien kommer senare. KONTAKTA OSS MED F\u00d6RFR\u00c5GNINGAR OCH EVENTUELL BOKNING! Boka Jakt i Tjeckien!Platserna g\u00e5r \u00e5t snabbt, vi rekommenderar att du bokar i tid. KONTAKTA OSS<\/p>","protected":false},"author":1,"featured_media":0,"parent":0,"menu_order":0,"comment_status":"closed","ping_status":"closed","template":"","meta":{"footnotes":""},"class_list":["post-5218","page","type-page","status-publish","hentry","description-off"],"_links":{"self":[{"href":"https:\/\/brokamala.se\/en\/wp-json\/wp\/v2\/pages\/5218","targetHints":{"allow":["GET"]}}],"collection":[{"href":"https:\/\/brokamala.se\/en\/wp-json\/wp\/v2\/pages"}],"about":[{"href":"https:\/\/brokamala.se\/en\/wp-json\/wp\/v2\/types\/page"}],"author":[{"embeddable":true,"href":"https:\/\/brokamala.se\/en\/wp-json\/wp\/v2\/users\/1"}],"replies":[{"embeddable":true,"href":"https:\/\/brokamala.se\/en\/wp-json\/wp\/v2\/comments?post=5218"}],"version-history":[{"count":3,"href":"https:\/\/brokamala.se\/en\/wp-json\/wp\/v2\/pages\/5218\/revisions"}],"predecessor-version":[{"id":5227,"href":"https:\/\/brokamala.se\/en\/wp-json\/wp\/v2\/pages\/5218\/revisions\/5227"}],"wp:attachment":[{"href":"https:\/\/brokamala.se\/en\/wp-json\/wp\/v2\/media?parent=5218"}],"curies":[{"name":"wp","href":"https:\/\/api.w.org\/{rel}","templated":true}]}}