{"id":5230,"date":"2026-03-01T15:49:12","date_gmt":"2026-03-01T14:49:12","guid":{"rendered":"https:\/\/brokamala.se\/?page_id=5230"},"modified":"2026-03-18T22:48:04","modified_gmt":"2026-03-18T21:48:04","slug":"jakt-i-skottland","status":"publish","type":"page","link":"https:\/\/brokamala.se\/en\/jakt-i-skottland\/","title":{"rendered":"Jakt i Skottland"},"content":{"rendered":"<div class=\"wpb-content-wrapper\"><div class=\"vc_row wpb_row vc_row-fluid\"><div class=\"wpb_column vc_column_container vc_col-sm-12\"><div class=\"vc_column-inner\"><div class=\"wpb_wrapper\"><div class=\"dt-fancy-separator h2-size\" style=\"width: 100%;\"><div class=\"dt-fancy-title\" style=\"color: #3e0d1a;\"><span class=\"separator-holder separator-left\" style=\"border-color: #3e0d1a;\"><\/span>Jakt Skottland<span class=\"separator-holder separator-right\" style=\"border-color: #3e0d1a;\"><\/span><\/div><\/div><\/div><\/div><\/div><\/div><div class=\"vc_row wpb_row vc_row-fluid vc_custom_1716061619282 vc_row-has-fill vc_column-gap-10 vc_row-o-equal-height vc_row-flex\"><div class=\"wpb_column vc_column_container vc_col-sm-4 vc_col-has-fill\"><div class=\"vc_column-inner vc_custom_1773298734743\"><div class=\"wpb_wrapper\"><\/div><\/div><\/div><div class=\"wpb_column vc_column_container vc_col-sm-8\"><div class=\"vc_column-inner\"><div class=\"wpb_wrapper\"><h2 style=\"text-align: left;font-family:Raleway;font-weight:400;font-style:normal\" class=\"vc_custom_heading vc_do_custom_heading\" >Exklusiv f\u00e5geljakt i Skottland<\/h2>\n\t<div class=\"wpb_text_column wpb_content_element\" >\n\t\t<div class=\"wpb_wrapper\">\n\t\t\t<p>f\u00f6r ex 8 personer 4 n\u00e4tter<\/p>\n<p>Ni anl\u00e4nder under oktober\/ November till Edinburghs flygplats och blir h\u00e4mtad och skjutsad till Ballathie House Hotel<\/p>\n<p><a href=\"http:\/\/www.ballathiehousehotel.com\">www.ballathiehousehotel.com<\/a><\/p>\n<p>P\u00e5 morgonen kommer 3 HRW 4&#215;4-bilar att h\u00e4mta er och k\u00f6rs till Brechin Castle och Edzell Estate.<\/p>\n<p>Det handlar huvudsakligen om fasanjakt med lite rapph\u00f6ns och kanske lite \u00e4nder.<\/p>\n<p>Sen p\u00e5 eftermiddagen \u00e5ker ni till Kinloch House. <a href=\"http:\/\/www.kinlochhouse.com\">www.kinlochhouse.com<\/a><\/p>\n<p>P\u00e5 morgonen blir ni h\u00e4mtade och d\u00e5 k\u00f6r vi till Kinnaird Estate Dunkeld d\u00e4r vi kommer att skjuta en blandning av fasan och rapph\u00f6ns i s\u00e4rskilt vackra omgivningar med f\u00e5glar av riktigt utm\u00e4rkt kvalitet.<\/p>\n<p>2 dagars drevjakt med en f\u00f6rv\u00e4ntad p\u00e5 250 f\u00e5glar per dag . Detta inkluderar flygplatstransfer f\u00f6r 8 personer, boende , 8 vapentillst\u00e5nd, transport och ansvarsf\u00f6rs\u00e4kring.<\/p>\n<p>&nbsp;<\/p>\n<p>Exkluderat.<\/p>\n<p>Flyg<\/p>\n<p>Middag p\u00e5 kv\u00e4llen, Alkoholhaltiga drycker, dricks till Game Keepern \u00a360 pp per dag<\/p>\n<p>Ammunition &#8211; faktureras efter skjutningen eller betalas p\u00e5 plats<\/p>\n<p>Dricks &#8211; rekommenderat 60 \u00a3 per j\u00e4gare och dag Extra f\u00e5glar 55 \u00a3 per styck<\/p>\n\n\t\t<\/div>\n\t<\/div>\n<div class=\"vc_message_box vc_message_box-standard vc_message_box-rounded vc_color-grey\" ><div class=\"vc_message_box-icon\"><i class=\"fa fa-solid fa-circle-info\"><\/i><\/div><p>CONTACT US WITH INQUIRIES AND POSSIBLE BOOKING!<\/p>\n<\/div><\/div><\/div><\/div><\/div><div class=\"vc_row wpb_row vc_row-fluid\"><div class=\"wpb_column vc_column_container vc_col-sm-12\"><div class=\"vc_column-inner\"><div class=\"wpb_wrapper\"><section class=\"vc_cta3-container\"><div class=\"vc_general vc_do_cta3 vc_cta3 vc_cta3-style-classic vc_cta3-shape-rounded vc_cta3-align-center vc_cta3-color-classic vc_cta3-icon-size-md vc_cta3-actions-bottom\"><div class=\"vc_cta3_content-container\"><div class=\"vc_cta3-content\"><header class=\"vc_cta3-content-header\"><h2>Boka Jakt i Skottland!<\/h2><\/header><p>vi rekommenderar att du bokar i tid.<\/p>\n<\/div><div class=\"vc_cta3-actions\"><div class=\"vc_btn3-container vc_btn3-center\" ><a style=\"background-color:#4a3728; color:#ffffff;\" class=\"vc_general vc_btn3 vc_btn3-size-md vc_btn3-shape-rounded vc_btn3-style-custom\" href=\"https:\/\/brokamala.se\/en\/kontakta-oss\/\" title=\"Kontakt oss\">CONTACT US<\/a><\/div><\/div><\/div><\/div><\/section><\/div><\/div><\/div><\/div>\n<\/div>","protected":false},"excerpt":{"rendered":"<p>Jakt SkottlandExklusiv f\u00e5geljakt i Skottland f\u00f6r ex 8 personer 4 n\u00e4tter Ni anl\u00e4nder under oktober\/ November till Edinburghs flygplats och blir h\u00e4mtad och skjutsad till Ballathie House Hotel www.ballathiehousehotel.com P\u00e5 morgonen kommer 3 HRW 4&#215;4-bilar att h\u00e4mta er och k\u00f6rs till Brechin Castle och Edzell Estate. Det handlar huvudsakligen om fasanjakt med lite rapph\u00f6ns och&hellip;<\/p>","protected":false},"author":1,"featured_media":5281,"parent":0,"menu_order":0,"comment_status":"closed","ping_status":"closed","template":"","meta":{"footnotes":""},"class_list":["post-5230","page","type-page","status-publish","has-post-thumbnail","hentry","description-off"],"_links":{"self":[{"href":"https:\/\/brokamala.se\/en\/wp-json\/wp\/v2\/pages\/5230","targetHints":{"allow":["GET"]}}],"collection":[{"href":"https:\/\/brokamala.se\/en\/wp-json\/wp\/v2\/pages"}],"about":[{"href":"https:\/\/brokamala.se\/en\/wp-json\/wp\/v2\/types\/page"}],"author":[{"embeddable":true,"href":"https:\/\/brokamala.se\/en\/wp-json\/wp\/v2\/users\/1"}],"replies":[{"embeddable":true,"href":"https:\/\/brokamala.se\/en\/wp-json\/wp\/v2\/comments?post=5230"}],"version-history":[{"count":9,"href":"https:\/\/brokamala.se\/en\/wp-json\/wp\/v2\/pages\/5230\/revisions"}],"predecessor-version":[{"id":5305,"href":"https:\/\/brokamala.se\/en\/wp-json\/wp\/v2\/pages\/5230\/revisions\/5305"}],"wp:featuredmedia":[{"embeddable":true,"href":"https:\/\/brokamala.se\/en\/wp-json\/wp\/v2\/media\/5281"}],"wp:attachment":[{"href":"https:\/\/brokamala.se\/en\/wp-json\/wp\/v2\/media?parent=5230"}],"curies":[{"name":"wp","href":"https:\/\/api.w.org\/{rel}","templated":true}]}}