{"id":693,"date":"2015-04-04T19:34:16","date_gmt":"2015-04-04T18:34:16","guid":{"rendered":"http:\/\/brokamala.se.loopiadns.com\/?page_id=693"},"modified":"2024-08-06T09:08:15","modified_gmt":"2024-08-06T08:08:15","slug":"lerduveskytte","status":"publish","type":"page","link":"https:\/\/brokamala.se\/en\/lerduveskytte\/","title":{"rendered":"Clay pigeon shooting"},"content":{"rendered":"<div class=\"wpb-content-wrapper\"><div class=\"vc_row wpb_row vc_row-fluid\"><div class=\"wpb_column vc_column_container vc_col-sm-12\"><div class=\"vc_column-inner\"><div class=\"wpb_wrapper\">\n\t<div class=\"wpb_text_column wpb_content_element\" >\n\t\t<div class=\"wpb_wrapper\">\n\t\t\t<h3>Clay pigeon shooting<\/h3>\n<h3><span style=\"color: #222222; text-transform: none; text-indent: 0px; letter-spacing: normal; font-family: Brown, 'Helvetica Neue', Helvetica, Arial, sans-serif; font-size: 14px; font-style: normal; font-weight: 400; word-spacing: 0px; float: none; display: inline !important; white-space: normal; orphans: 2; widows: 2; background-color: #ffffff; font-variant-ligatures: normal; font-variant-caps: normal; -webkit-text-stroke-width: 0px; text-decoration-style: initial; text-decoration-color: initial;\"><span style=\"color: #222222; text-transform: none; text-indent: 0px; letter-spacing: normal; font-family: Brown, 'Helvetica Neue', Helvetica, Arial, sans-serif; font-size: 14px; font-style: normal; font-weight: 400; word-spacing: 0px; float: none; display: inline !important; white-space: normal; orphans: 2; widows: 2; background-color: #ffffff; font-variant-ligatures: normal; font-variant-caps: normal; -webkit-text-stroke-width: 0px; text-decoration-style: initial; text-decoration-color: initial;\">H\u00e4r f\u00e5r ni m\u00f6jlighet att prova p\u00e5 lerduveskytte.<\/span><\/span><\/h3>\n<p>Clay pigeon shooting is both fun and exciting, can even be a little scary at first.<br \/>\n4 shooters can shoot at the same time.<\/p>\n<p><span style=\"color: #222222; text-transform: none; text-indent: 0px; letter-spacing: normal; font-family: Brown, 'Helvetica Neue', Helvetica, Arial, sans-serif; font-size: 14px; font-style: normal; font-weight: 400; word-spacing: 0px; float: none; display: inline !important; white-space: normal; orphans: 2; widows: 2; background-color: #ffffff; font-variant-ligatures: normal; font-variant-caps: normal; -webkit-text-stroke-width: 0px; text-decoration-style: initial; text-decoration-color: initial;\">Allt finns p\u00e5 skjutbanan h\u00f6rselskydd, vapen och ammunition, vatten fika.<\/span><\/p>\n\n\t\t<\/div>\n\t<\/div>\n<div class=\"vc_empty_space\"   style=\"height: 32px\"><span class=\"vc_empty_space_inner\"><\/span><\/div><\/div><\/div><\/div><\/div><div class=\"vc_row wpb_row vc_row-fluid\"><div class=\"wpb_column vc_column_container vc_col-sm-12\"><div class=\"vc_column-inner\"><div class=\"wpb_wrapper\"><div class=\"dt-fancy-separator h3-size style-double\" style=\"width: 100%;\"><div class=\"dt-fancy-title\" style=\"color: #8c897a;\"><span class=\"separator-holder separator-left\"><\/span>Clay pigeon shooting<span class=\"separator-holder separator-right\"><\/span><\/div><\/div><div class=\"vc_empty_space\"   style=\"height: 32px\"><span class=\"vc_empty_space_inner\"><\/span><\/div><\/div><\/div><\/div><\/div><div class=\"vc_row wpb_row vc_row-fluid\"><div class=\"wpb_column vc_column_container vc_col-sm-12\"><div class=\"vc_column-inner\"><div class=\"wpb_wrapper\">\n<div class=\"vc_grid-container-wrapper vc_clearfix vc_grid-animation-fadeIn\">\n\t<div class=\"vc_grid-container vc_clearfix wpb_content_element vc_media_grid\" data-initial-loading-animation=\"fadeIn\" data-vc-grid-settings=\"{&quot;page_id&quot;:693,&quot;style&quot;:&quot;all&quot;,&quot;action&quot;:&quot;vc_get_vc_grid_data&quot;,&quot;shortcode_id&quot;:&quot;1722931611775-509422b6-0983-5&quot;,&quot;tag&quot;:&quot;vc_media_grid&quot;}\" data-vc-request=\"https:\/\/brokamala.se\/wp-admin\/admin-ajax.php\" data-vc-post-id=\"693\" data-vc-public-nonce=\"3a51d811fd\">\n\t\t\n\t<\/div>\n<\/div><\/div><\/div><\/div><\/div>\n<\/div>","protected":false},"excerpt":{"rendered":"<p>Lerduveskytte H\u00e4r f\u00e5r ni m\u00f6jlighet att prova p\u00e5 lerduveskytte. Lerduveskytte \u00e4r b\u00e5de roligt och sp\u00e4nnande, kan \u00e4ven vara lite skr\u00e4mmande i b\u00f6rjan. 4 skyttar kan skjuta samtidigt. Allt finns p\u00e5 skjutbanan h\u00f6rselskydd, vapen och ammunition, vatten fika. Lerduveskytte<\/p>","protected":false},"author":1,"featured_media":0,"parent":0,"menu_order":0,"comment_status":"closed","ping_status":"closed","template":"","meta":{"footnotes":""},"class_list":["post-693","page","type-page","status-publish","hentry","description-off"],"_links":{"self":[{"href":"https:\/\/brokamala.se\/en\/wp-json\/wp\/v2\/pages\/693","targetHints":{"allow":["GET"]}}],"collection":[{"href":"https:\/\/brokamala.se\/en\/wp-json\/wp\/v2\/pages"}],"about":[{"href":"https:\/\/brokamala.se\/en\/wp-json\/wp\/v2\/types\/page"}],"author":[{"embeddable":true,"href":"https:\/\/brokamala.se\/en\/wp-json\/wp\/v2\/users\/1"}],"replies":[{"embeddable":true,"href":"https:\/\/brokamala.se\/en\/wp-json\/wp\/v2\/comments?post=693"}],"version-history":[{"count":12,"href":"https:\/\/brokamala.se\/en\/wp-json\/wp\/v2\/pages\/693\/revisions"}],"predecessor-version":[{"id":4685,"href":"https:\/\/brokamala.se\/en\/wp-json\/wp\/v2\/pages\/693\/revisions\/4685"}],"wp:attachment":[{"href":"https:\/\/brokamala.se\/en\/wp-json\/wp\/v2\/media?parent=693"}],"curies":[{"name":"wp","href":"https:\/\/api.w.org\/{rel}","templated":true}]}}