{"id":773,"date":"2015-04-05T20:18:25","date_gmt":"2015-04-05T19:18:25","guid":{"rendered":"http:\/\/brokamala.se.loopiadns.com\/?page_id=773"},"modified":"2016-05-09T23:10:03","modified_gmt":"2016-05-09T22:10:03","slug":"skogens-lackerheter","status":"publish","type":"page","link":"https:\/\/brokamala.se\/en\/skogens-lackerheter\/","title":{"rendered":"Forest delights"},"content":{"rendered":"<div class=\"wpb-content-wrapper\"><div class=\"vc_row wpb_row vc_row-fluid\"><div class=\"wpb_column vc_column_container vc_col-sm-12\"><div class=\"vc_column-inner\"><div class=\"wpb_wrapper\">\n\t<div class=\"wpb_text_column wpb_content_element\" >\n\t\t<div class=\"wpb_wrapper\">\n\t\t\t<h3>Forest delights<\/h3>\n<p>Now we've had a great time, with lots of lovely treats from the forest.<\/p>\n<p>We are looking forward to another wonderful autumn..<\/p>\n<p>And the best part is when you come home and make a nice dinner together.<\/p>\n\n\t\t<\/div>\n\t<\/div>\n<div class=\"vc_empty_space\"   style=\"height: 32px\"><span class=\"vc_empty_space_inner\"><\/span><\/div><\/div><\/div><\/div><\/div><div class=\"vc_row wpb_row vc_row-fluid\"><div class=\"wpb_column vc_column_container vc_col-sm-12\"><div class=\"vc_column-inner\"><div class=\"wpb_wrapper\"><div class=\"dt-fancy-separator h3-size style-double accent-title-color\" style=\"width: 100%;\"><div class=\"dt-fancy-title\"><span class=\"separator-holder separator-left\"><\/span>Forest delights<span class=\"separator-holder separator-right\"><\/span><\/div><\/div><div class=\"vc_empty_space\"   style=\"height: 32px\"><span class=\"vc_empty_space_inner\"><\/span><\/div><\/div><\/div><\/div><\/div><div class=\"vc_row wpb_row vc_row-fluid\"><div class=\"wpb_column vc_column_container vc_col-sm-12\"><div class=\"vc_column-inner\"><div class=\"wpb_wrapper\">\n<div class=\"vc_grid-container-wrapper vc_clearfix vc_grid-animation-fadeIn\">\n\t<div class=\"vc_grid-container vc_clearfix wpb_content_element vc_media_grid\" data-initial-loading-animation=\"fadeIn\" data-vc-grid-settings=\"{&quot;page_id&quot;:773,&quot;style&quot;:&quot;all&quot;,&quot;action&quot;:&quot;vc_get_vc_grid_data&quot;,&quot;tag&quot;:&quot;vc_media_grid&quot;}\" data-vc-request=\"https:\/\/brokamala.se\/wp-admin\/admin-ajax.php\" data-vc-post-id=\"773\" data-vc-public-nonce=\"7b5b92c4fa\">\n\t\t\n\t<\/div>\n<\/div><div class=\"vc_empty_space\"   style=\"height: 32px\"><span class=\"vc_empty_space_inner\"><\/span><\/div><\/div><\/div><\/div><\/div>\n<\/div>","protected":false},"excerpt":{"rendered":"<p>Skogens l\u00e4ckerheter Nu har vi haft en fantastisk tid, med mycket h\u00e4rliga l\u00e4ckerheter fr\u00e5n skogen. Vi ser framemot en ny h\u00e4rlig h\u00f6st.. Och det b\u00e4sta \u00e4r n\u00e4r man kommer hem och g\u00f6r en god middag tillsammans. Skogens l\u00e4ckerheter<\/p>","protected":false},"author":1,"featured_media":0,"parent":0,"menu_order":0,"comment_status":"closed","ping_status":"closed","template":"","meta":{"footnotes":""},"class_list":["post-773","page","type-page","status-publish","hentry","description-off"],"_links":{"self":[{"href":"https:\/\/brokamala.se\/en\/wp-json\/wp\/v2\/pages\/773","targetHints":{"allow":["GET"]}}],"collection":[{"href":"https:\/\/brokamala.se\/en\/wp-json\/wp\/v2\/pages"}],"about":[{"href":"https:\/\/brokamala.se\/en\/wp-json\/wp\/v2\/types\/page"}],"author":[{"embeddable":true,"href":"https:\/\/brokamala.se\/en\/wp-json\/wp\/v2\/users\/1"}],"replies":[{"embeddable":true,"href":"https:\/\/brokamala.se\/en\/wp-json\/wp\/v2\/comments?post=773"}],"version-history":[{"count":4,"href":"https:\/\/brokamala.se\/en\/wp-json\/wp\/v2\/pages\/773\/revisions"}],"predecessor-version":[{"id":1056,"href":"https:\/\/brokamala.se\/en\/wp-json\/wp\/v2\/pages\/773\/revisions\/1056"}],"wp:attachment":[{"href":"https:\/\/brokamala.se\/en\/wp-json\/wp\/v2\/media?parent=773"}],"curies":[{"name":"wp","href":"https:\/\/api.w.org\/{rel}","templated":true}]}}