{"id":785,"date":"2015-04-05T22:16:38","date_gmt":"2015-04-05T21:16:38","guid":{"rendered":"http:\/\/brokamala.se.loopiadns.com\/?page_id=785"},"modified":"2026-02-04T20:32:16","modified_gmt":"2026-02-04T19:32:16","slug":"priser-aktiviteter","status":"publish","type":"page","link":"https:\/\/brokamala.se\/en\/priser-aktiviteter\/","title":{"rendered":"Prices Activities"},"content":{"rendered":"<div class=\"wpb-content-wrapper\"><div class=\"vc_row wpb_row vc_row-fluid\"><div class=\"wpb_column vc_column_container vc_col-sm-8\"><div class=\"vc_column-inner\"><div class=\"wpb_wrapper\">\n\t<div class=\"wpb_text_column wpb_content_element\" >\n\t\t<div class=\"wpb_wrapper\">\n\t\t\t<h3>Prices Activities<\/h3>\n<h4>We can put together a package price according to your wishes<\/h4>\n<h4>Wood-fired Sauna<\/h4>\n<p>700:-<\/p>\n<h4>Hot tub<\/h4>\n<p>2500 SEK f\u00f6r en tunna. 8 personer.<\/p>\n<p>4500 SEK f\u00f6r tv\u00e5 tunnor. 16 personer.<\/p>\n<h4>Clay pigeon shooting<\/h4>\n<p>900:- per person, minst 4 personer. 25 skott ing\u00e5r.<\/p>\n<p>800:- per person 8 pers 25 skott ing\u00e5r.<\/p>\n<p>Kaffe vatten ing\u00e5r.<\/p>\n<p>&nbsp;<\/p>\n<h4>Adventure cource<\/h4>\n<p>400 SEK per person coffee included.<\/p>\n\n\t\t<\/div>\n\t<\/div>\n<\/div><\/div><\/div><div class=\"wpb_column vc_column_container vc_col-sm-4\"><div class=\"vc_column-inner\"><div class=\"wpb_wrapper\">\n\t<div  class=\"wpb_single_image wpb_content_element vc_align_left\">\n\t\t\n\t\t<figure class=\"wpb_wrapper vc_figure\">\n\t\t\t<div class=\"vc_single_image-wrapper   vc_box_border_grey\"><img loading=\"lazy\" decoding=\"async\" width=\"1077\" height=\"954\" src=\"https:\/\/media.brokamala.se\/media\/2024\/04\/vedeldad-bastu-badtunna.jpg\" class=\"vc_single_image-img attachment-full\" alt=\"Vid boendet finns tillg\u00e5ng till vedeldad bastu och badtunna\" title=\"\" srcset=\"https:\/\/media.brokamala.se\/media\/2024\/04\/vedeldad-bastu-badtunna.jpg 1077w, https:\/\/media.brokamala.se\/media\/2024\/04\/vedeldad-bastu-badtunna-300x266.jpg 300w, https:\/\/media.brokamala.se\/media\/2024\/04\/vedeldad-bastu-badtunna-1024x907.jpg 1024w, https:\/\/media.brokamala.se\/media\/2024\/04\/vedeldad-bastu-badtunna-768x680.jpg 768w, https:\/\/media.brokamala.se\/media\/2024\/04\/vedeldad-bastu-badtunna-14x12.jpg 14w\" sizes=\"auto, (max-width: 1077px) 100vw, 1077px\"  data-dt-location=\"https:\/\/brokamala.se\/en\/vara-stugor\/vedeldad-bastu-badtunna\/\" \/><\/div>\n\t\t<\/figure>\n\t<\/div>\n\n\t<div  class=\"wpb_single_image wpb_content_element vc_align_left\">\n\t\t\n\t\t<figure class=\"wpb_wrapper vc_figure\">\n\t\t\t<div class=\"vc_single_image-wrapper   vc_box_border_grey\"><img loading=\"lazy\" decoding=\"async\" width=\"800\" height=\"529\" src=\"https:\/\/media.brokamala.se\/media\/2020\/06\/IMG_20200621_080556.jpg\" class=\"vc_single_image-img attachment-full\" alt=\"\" title=\"IMG_20200621_080556\" srcset=\"https:\/\/media.brokamala.se\/media\/2020\/06\/IMG_20200621_080556.jpg 800w, https:\/\/media.brokamala.se\/media\/2020\/06\/IMG_20200621_080556-300x198.jpg 300w, https:\/\/media.brokamala.se\/media\/2020\/06\/IMG_20200621_080556-768x508.jpg 768w\" sizes=\"auto, (max-width: 800px) 100vw, 800px\"  data-dt-location=\"https:\/\/brokamala.se\/en\/img_20200621_080556\/\" \/><\/div>\n\t\t<\/figure>\n\t<\/div>\n<\/div><\/div><\/div><\/div>\n<\/div>","protected":false},"excerpt":{"rendered":"<p>Priser Aktiviteter Vi kan s\u00e4tta ihop ett paket pris efter era \u00f6nskem\u00e5l Vedeldad Bastu 700:- Badtunna 2500 SEK f\u00f6r en tunna. 8 personer. 4500 SEK f\u00f6r tv\u00e5 tunnor. 16 personer. Lerduveskytte 900:- per person, minst 4 personer. 25 skott ing\u00e5r. 800:- per person 8 pers 25 skott ing\u00e5r. Kaffe vatten ing\u00e5r. &nbsp; \u00c4ventyrsbana 400:- per&hellip;<\/p>","protected":false},"author":1,"featured_media":0,"parent":0,"menu_order":0,"comment_status":"closed","ping_status":"closed","template":"","meta":{"footnotes":""},"class_list":["post-785","page","type-page","status-publish","hentry","description-off"],"_links":{"self":[{"href":"https:\/\/brokamala.se\/en\/wp-json\/wp\/v2\/pages\/785","targetHints":{"allow":["GET"]}}],"collection":[{"href":"https:\/\/brokamala.se\/en\/wp-json\/wp\/v2\/pages"}],"about":[{"href":"https:\/\/brokamala.se\/en\/wp-json\/wp\/v2\/types\/page"}],"author":[{"embeddable":true,"href":"https:\/\/brokamala.se\/en\/wp-json\/wp\/v2\/users\/1"}],"replies":[{"embeddable":true,"href":"https:\/\/brokamala.se\/en\/wp-json\/wp\/v2\/comments?post=785"}],"version-history":[{"count":31,"href":"https:\/\/brokamala.se\/en\/wp-json\/wp\/v2\/pages\/785\/revisions"}],"predecessor-version":[{"id":5092,"href":"https:\/\/brokamala.se\/en\/wp-json\/wp\/v2\/pages\/785\/revisions\/5092"}],"wp:attachment":[{"href":"https:\/\/brokamala.se\/en\/wp-json\/wp\/v2\/media?parent=785"}],"curies":[{"name":"wp","href":"https:\/\/api.w.org\/{rel}","templated":true}]}}