{"id":944,"date":"2015-04-11T16:17:37","date_gmt":"2015-04-11T15:17:37","guid":{"rendered":"http:\/\/brokamala.se.loopiadns.com\/?page_id=944"},"modified":"2022-10-21T18:49:48","modified_gmt":"2022-10-21T17:49:48","slug":"outdoors-cooking","status":"publish","type":"page","link":"https:\/\/brokamala.se\/en\/outdoors-cooking\/","title":{"rendered":"Outdoors Cooking"},"content":{"rendered":"<div class=\"wpb-content-wrapper\"><div class=\"vc_row wpb_row vc_row-fluid\"><div class=\"wpb_column vc_column_container vc_col-sm-8\"><div class=\"vc_column-inner\"><div class=\"wpb_wrapper\">\n\t<div class=\"wpb_text_column wpb_content_element\" >\n\t\t<div class=\"wpb_wrapper\">\n\t\t\t<h3>Outdoors Cooking<\/h3>\n<h4>Outdoor cooking!<\/h4>\n<p>Cooking together over an open fire is a pleasant and fun way to spend time together. It's an experience you can do together with your colleagues, your group of friends and the management team.<\/p>\n<p>By spending time in nature and experiencing it through all your senses, you create the best conditions for quality well-being. Cooking together also creates a strong sense of community. It is part of people's cultural heritage.<\/p>\n\n\t\t<\/div>\n\t<\/div>\n<div class=\"vc_empty_space\"   style=\"height: 10px\"><span class=\"vc_empty_space_inner\"><\/span><\/div><div class=\"vc_empty_space\"   style=\"height: 12px\"><span class=\"vc_empty_space_inner\"><\/span><\/div>\n\t<div class=\"wpb_text_column wpb_content_element\" >\n\t\t<div class=\"wpb_wrapper\">\n\t\t\t<h4>Example of a Menu<\/h4>\n<p><strong>Grass-fed buffet (weed buffet):<\/strong><\/p>\n<ul class=\"standard-arrow list-divider\"><li><p>Strawberry\/mint lemonade<\/p>\n<\/li><li><p>Resin soup. shot<\/p>\n<\/li><li><p>Nettle pesto with crispbread<\/p>\n<\/li><li><p>Butter fried nettles with breaded goat cheese<\/p>\n<\/li><li><p>Roasted asparagus with dandelion leaves and cold smoked ham<\/p>\n<\/li><li><p>Primal butter salad with smoked wild boar ham and herb sauce<\/p>\n<\/li><li><p>Cherry cabbage bread sticks served with butter and cheese<\/p>\n<\/li><li><p>Baked fresh berries in madeira with mascarpone cream garnished with violets<\/p>\n<\/li><\/ul>\n\n\t\t<\/div>\n\t<\/div>\n<\/div><\/div><\/div><div class=\"wpb_column vc_column_container vc_col-sm-4\"><div class=\"vc_column-inner\"><div class=\"wpb_wrapper\">\n<div class=\"vc_grid-container-wrapper vc_clearfix vc_grid-animation-fadeIn\">\n\t<div class=\"vc_grid-container vc_clearfix wpb_content_element vc_media_grid\" data-initial-loading-animation=\"fadeIn\" data-vc-grid-settings=\"{&quot;page_id&quot;:944,&quot;style&quot;:&quot;all&quot;,&quot;action&quot;:&quot;vc_get_vc_grid_data&quot;,&quot;shortcode_id&quot;:&quot;1666374455492-e1b07c73-3181-4&quot;,&quot;tag&quot;:&quot;vc_media_grid&quot;}\" data-vc-request=\"https:\/\/brokamala.se\/wp-admin\/admin-ajax.php\" data-vc-post-id=\"944\" data-vc-public-nonce=\"63a25c3b8e\">\n\t\t\n\t<\/div>\n<\/div><\/div><\/div><\/div><\/div>\n<\/div>","protected":false},"excerpt":{"rendered":"<p>Outdoors Cooking Utomhusmatlagning! Att laga mat tillsammans \u00f6ver \u00f6ppen eld \u00e4r ett trevligt och roligt s\u00e4tt att umg\u00e5s p\u00e5. Det \u00e4r en upplevelse som du kan g\u00f6ra tillsammans med dina arbetskamrater, kompisg\u00e4nget och ledningsgruppen. Genom att vistas i naturen och uppleva den genom alla dina sinnen skapar du b\u00e4sta f\u00f6ruts\u00e4ttningar f\u00f6r ett kvalitativt v\u00e4lbefinnande. Att&hellip;<\/p>","protected":false},"author":1,"featured_media":0,"parent":0,"menu_order":0,"comment_status":"closed","ping_status":"closed","template":"","meta":{"footnotes":""},"class_list":["post-944","page","type-page","status-publish","hentry","description-off"],"_links":{"self":[{"href":"https:\/\/brokamala.se\/en\/wp-json\/wp\/v2\/pages\/944","targetHints":{"allow":["GET"]}}],"collection":[{"href":"https:\/\/brokamala.se\/en\/wp-json\/wp\/v2\/pages"}],"about":[{"href":"https:\/\/brokamala.se\/en\/wp-json\/wp\/v2\/types\/page"}],"author":[{"embeddable":true,"href":"https:\/\/brokamala.se\/en\/wp-json\/wp\/v2\/users\/1"}],"replies":[{"embeddable":true,"href":"https:\/\/brokamala.se\/en\/wp-json\/wp\/v2\/comments?post=944"}],"version-history":[{"count":32,"href":"https:\/\/brokamala.se\/en\/wp-json\/wp\/v2\/pages\/944\/revisions"}],"predecessor-version":[{"id":2786,"href":"https:\/\/brokamala.se\/en\/wp-json\/wp\/v2\/pages\/944\/revisions\/2786"}],"wp:attachment":[{"href":"https:\/\/brokamala.se\/en\/wp-json\/wp\/v2\/media?parent=944"}],"curies":[{"name":"wp","href":"https:\/\/api.w.org\/{rel}","templated":true}]}}